{"id":1472,"date":"2023-01-18T13:21:19","date_gmt":"2023-01-18T11:21:19","guid":{"rendered":"https:\/\/www.lab3040.cat\/?page_id=1472"},"modified":"2025-03-10T13:39:46","modified_gmt":"2025-03-10T11:39:46","slug":"proponer-una-solucion","status":"publish","type":"page","link":"https:\/\/www.lab3040.cat\/es\/proponer-una-solucion\/","title":{"rendered":"Proponer una soluci\u00f3n"},"content":{"rendered":"[vc_row full_width=\u00bbstretch_row\u00bb parallax_style=\u00bbvcpb-default\u00bb bg_type=\u00bbimage\u00bb bg_image_new=\u00bbid^39|url^https:\/\/www.lab3040.cat\/wp-content\/uploads\/2022\/11\/background_LAB3040_e.jpg|caption^null|alt^null|title^background_LAB3040_e|description^null\u00bb bg_image_repeat=\u00bbno-repeat\u00bb bg_img_attach=\u00bbfixed\u00bb][vc_column][vc_empty_space height=\u00bb50px\u00bb][vc_column_text]\n<h1 class=\"custom-header-page\">Proponer una soluci\u00f3n<\/h1>\n[\/vc_column_text][vc_empty_space height=\u00bb50px\u00bb][vc_column_text]\n<div class=\"wpcf7 no-js\" id=\"wpcf7-f2353-o1\" lang=\"ca\" dir=\"ltr\" data-wpcf7-id=\"2353\">\n<div class=\"screen-reader-response\"><p role=\"status\" aria-live=\"polite\" aria-atomic=\"true\"><\/p> <ul><\/ul><\/div>\n<form action=\"\/es\/wp-json\/wp\/v2\/pages\/1472#wpcf7-f2353-o1\" method=\"post\" class=\"wpcf7-form init\" aria-label=\"Formulari de contacte\" novalidate=\"novalidate\" data-status=\"init\">\n<fieldset class=\"hidden-fields-container\"><input type=\"hidden\" name=\"_wpcf7\" value=\"2353\" \/><input type=\"hidden\" name=\"_wpcf7_version\" value=\"6.1.5\" \/><input type=\"hidden\" name=\"_wpcf7_locale\" value=\"ca\" \/><input type=\"hidden\" name=\"_wpcf7_unit_tag\" value=\"wpcf7-f2353-o1\" \/><input type=\"hidden\" name=\"_wpcf7_container_post\" value=\"0\" \/><input type=\"hidden\" name=\"_wpcf7_posted_data_hash\" value=\"\" \/>\n<\/fieldset>\n<div id=\"responsive-form\" class=\"clearfix\">\n\t<div class=\"form-row\">\n\t\t<div class=\"column-half\">\n\t\t\t<p><span class=\"wpcf7-form-control-wrap\" data-name=\"nom\"><input size=\"40\" maxlength=\"400\" class=\"wpcf7-form-control wpcf7-text wpcf7-validates-as-required\" aria-required=\"true\" aria-invalid=\"false\" placeholder=\"Nombre*\" value=\"\" type=\"text\" name=\"nom\" \/><\/span>\n\t\t\t<\/p>\n\t\t<\/div>\n\t\t<div class=\"column-half\">\n\t\t\t<p><span class=\"wpcf7-form-control-wrap\" data-name=\"cognom\"><input size=\"40\" maxlength=\"400\" class=\"wpcf7-form-control wpcf7-text wpcf7-validates-as-required\" aria-required=\"true\" aria-invalid=\"false\" placeholder=\"Apellidos*\" value=\"\" type=\"text\" name=\"cognom\" \/><\/span>\n\t\t\t<\/p>\n\t\t<\/div>\n\t<\/div>\n\t<div class=\"form-row\">\n\t\t<div class=\"column-half\">\n\t\t\t<p><span class=\"wpcf7-form-control-wrap\" data-name=\"email\"><input size=\"40\" maxlength=\"400\" class=\"wpcf7-form-control wpcf7-email wpcf7-validates-as-required wpcf7-text wpcf7-validates-as-email\" aria-required=\"true\" aria-invalid=\"false\" placeholder=\"Correo electr\u00f3nico*\" value=\"\" type=\"email\" name=\"email\" \/><\/span>\n\t\t\t<\/p>\n\t\t<\/div>\n\t\t<div class=\"column-half\">\n\t\t\t<p><span class=\"wpcf7-form-control-wrap\" data-name=\"telefon\"><input size=\"40\" maxlength=\"400\" class=\"wpcf7-form-control wpcf7-tel wpcf7-validates-as-required wpcf7-text wpcf7-validates-as-tel\" aria-required=\"true\" aria-invalid=\"false\" placeholder=\"Tel\u00e9fono*\" value=\"\" type=\"tel\" name=\"telefon\" \/><\/span>\n\t\t\t<\/p>\n\t\t<\/div>\n\t<\/div>\n\t<div class=\"form-row\">\n\t\t<div class=\"column-half\">\n\t\t\t<p><span class=\"wpcf7-form-control-wrap\" data-name=\"companyia\"><input size=\"40\" maxlength=\"400\" class=\"wpcf7-form-control wpcf7-text\" aria-invalid=\"false\" placeholder=\"Compa\u00f1\u00eda\" value=\"\" type=\"text\" name=\"companyia\" \/><\/span>\n\t\t\t<\/p>\n\t\t<\/div>\n\t\t<div class=\"column-half\">\n\t\t\t<p><span class=\"wpcf7-form-control-wrap\" data-name=\"treball\"><input size=\"40\" maxlength=\"400\" class=\"wpcf7-form-control wpcf7-text\" aria-invalid=\"false\" placeholder=\"Puesto de trabajo\" value=\"\" type=\"text\" name=\"treball\" \/><\/span>\n\t\t\t<\/p>\n\t\t<\/div>\n\t<\/div>\n\t<div class=\"form-row\">\n\t\t<div class=\"column-full\">\n\t\t\t<p><span class=\"wpcf7-form-control-wrap\" data-name=\"repte\"><select class=\"wpcf7-form-control wpcf7-select wpcf7-validates-as-required\" aria-required=\"true\" aria-invalid=\"false\" name=\"repte\"><option value=\"\">- Trieu una opcio -<\/option><option value=\"Mejora de la calidad de vida de las Ciudades (liveable City)\">Mejora de la calidad de vida de las Ciudades (liveable City)<\/option><option value=\"Hacer la experiencia del cliente m\u00e1s sostenible\">Hacer la experiencia del cliente m\u00e1s sostenible<\/option><option value=\"Adopci\u00f3n de tecnolog\u00edas exponenciales\">Adopci\u00f3n de tecnolog\u00edas exponenciales<\/option><option value=\"Reducci\u00f3n de la brecha digitalizaci\u00f3n entre los usuarios usuarios y adaptaci\u00f3n de las capacidades internas\">Reducci\u00f3n de la brecha digitalizaci\u00f3n entre los usuarios usuarios y adaptaci\u00f3n de las capacidades internas<\/option><option value=\"Mejora del reciclaje y revalorizaci\u00f3n de residuos\">Mejora del reciclaje y revalorizaci\u00f3n de residuos<\/option><option value=\"Fomento del uso de energ\u00edas limpias\">Fomento del uso de energ\u00edas limpias<\/option><option value=\"Eficiencia en el uso de recursos consumidos\">Eficiencia en el uso de recursos consumidos<\/option><option value=\"Mejora de la gesti\u00f3n de datos \/ Data Driven Company\">Mejora de la gesti\u00f3n de datos \/ Data Driven Company<\/option><\/select><\/span>\n\t\t\t<\/p>\n\t\t<\/div>\n\t<\/div>\n\t<div class=\"form-row\">\n\t\t<div class=\"column-full\">\n\t\t\t<p><span class=\"wpcf7-form-control-wrap\" data-name=\"proposta\"><textarea cols=\"40\" rows=\"3\" maxlength=\"2000\" class=\"wpcf7-form-control wpcf7-textarea\" aria-invalid=\"false\" placeholder=\"Proponer una soluci\u00f3n\" name=\"proposta\"><\/textarea><\/span>\n\t\t\t<\/p>\n\t\t<\/div>\n\t<\/div>\n\t<div class=\"form-row\">\n\t\t<div class=\"column-full\">\n\t\t\t<p><span class=\"wpcf7-form-control-wrap\" data-name=\"accepto\"><span class=\"wpcf7-form-control wpcf7-acceptance optional\"><span class=\"wpcf7-list-item\"><input type=\"checkbox\" name=\"accepto\" value=\"1\" aria-invalid=\"false\" \/><\/span><\/span><\/span><span style=\"font-size:16px;margin-left:0px;\">Acepto recibir comunicaciones de la Cambra de Comer\u00e7 de Barcelona (Opcional).<\/span>\n\t\t\t<\/p>\n\t\t<\/div>\n\t<\/div>\n\t<div class=\"form-row\">\n\t\t<div class=\"column-full\">\n\t\t\t<p style=\"font-size:12px;\">Informaci\u00f3 b\u00e0sica sobre el tractament de dades (Reglament (UE) 2016\/679) Responsable del tractament: Cambra Oficial de Comer\u00e7, Ind\u00fastria, Serveis i Navegaci\u00f3 de Barcelona. Finalitats: Respondre a les consultes i dubtes plantejats \/ Rebre comunicacions de la Cambra. Legitimaci\u00f3: Inter\u00e8s leg\u00edtim d\u2019atenci\u00f3 als usuaris \/ Consentiment. Destinataris: Les dades no es cediran a tercers, llevat que ho exigeixi una llei o sigui necessari per la resoluci\u00f3 de la consulta. Drets: Accedir, rectificar i suprimir dades, aix\u00ed com la resta que s'exposen a les Pol\u00edtiques de Transpar\u00e8ncia de la Cambra . M\u00e9s informaci\u00f3 a <a href=\"https:\/\/www.cambrabcn.org\/avis-legal-politica-de-privacitat\" target=\"blank_\">Av\u00eds legal<\/a> i <a href=\"https:\/\/www.cambrabcn.org\/ca_ES\/politica-de-privacitat\" target=\"blank_\">pol\u00edtica de privacitat<\/a>\n\t\t\t<\/p>\n\t\t<\/div>\n\t\t<div class=\"form-row\">\n\t\t\t<div class=\"column-full\">\n\t\t\t\t<p><input class=\"wpcf7-form-control wpcf7-submit has-spinner\" type=\"submit\" value=\"enviar\" \/>\n\t\t\t\t<\/p>\n\t\t\t<\/div>\n\t\t<\/div>\n\t<\/div>\n<\/div><div class=\"wpcf7-response-output\" aria-hidden=\"true\"><\/div>\n<\/form>\n<\/div>\n[\/vc_column_text][\/vc_column][\/vc_row]\n","protected":false},"excerpt":{"rendered":"<p>[vc_row full_width=\u00bbstretch_row\u00bb parallax_style=\u00bbvcpb-default\u00bb bg_type=\u00bbimage\u00bb bg_image_new=\u00bbid^39|url^https:\/\/www.lab3040.cat\/wp-content\/uploads\/2022\/11\/background_LAB3040_e.jpg|caption^null|alt^null|title^background_LAB3040_e|description^null\u00bb bg_image_repeat=\u00bbno-repeat\u00bb bg_img_attach=\u00bbfixed\u00bb][vc_column][vc_empty_space height=\u00bb50px\u00bb][vc_column_text] Proponer una soluci\u00f3n [\/vc_column_text][vc_empty_space height=\u00bb50px\u00bb][vc_column_text][\/vc_column_text][\/vc_column][\/vc_row]<\/p>\n","protected":false},"author":2,"featured_media":0,"parent":0,"menu_order":0,"comment_status":"closed","ping_status":"closed","template":"","meta":{"_acf_changed":false,"footnotes":""},"class_list":["post-1472","page","type-page","status-publish","hentry","entry","no-media"],"acf":[],"yoast_head":"<!-- This site is optimized with the Yoast SEO plugin v27.1.1 - https:\/\/yoast.com\/product\/yoast-seo-wordpress\/ -->\n<title>Proponer una soluci\u00f3n - Lab3040 :: Conectamos ecosistemas de innovaci\u00f3n<\/title>\n<meta name=\"robots\" content=\"index, follow, max-snippet:-1, max-image-preview:large, max-video-preview:-1\" \/>\n<link rel=\"canonical\" href=\"https:\/\/www.lab3040.cat\/es\/proponer-una-solucion\/\" \/>\n<meta property=\"og:locale\" content=\"es_ES\" \/>\n<meta property=\"og:type\" content=\"article\" \/>\n<meta property=\"og:title\" content=\"Proponer una soluci\u00f3n - Lab3040 :: Conectamos ecosistemas de innovaci\u00f3n\" \/>\n<meta property=\"og:description\" content=\"[vc_row full_width=\u00bbstretch_row\u00bb parallax_style=\u00bbvcpb-default\u00bb bg_type=\u00bbimage\u00bb bg_image_new=\u00bbid^39|url^https:\/\/www.lab3040.cat\/wp-content\/uploads\/2022\/11\/background_LAB3040_e.jpg|caption^null|alt^null|title^background_LAB3040_e|description^null\u00bb bg_image_repeat=\u00bbno-repeat\u00bb bg_img_attach=\u00bbfixed\u00bb][vc_column][vc_empty_space height=\u00bb50px\u00bb][vc_column_text] Proponer una soluci\u00f3n [\/vc_column_text][vc_empty_space height=\u00bb50px\u00bb][vc_column_text][\/vc_column_text][\/vc_column][\/vc_row]\" \/>\n<meta property=\"og:url\" content=\"https:\/\/www.lab3040.cat\/es\/proponer-una-solucion\/\" \/>\n<meta property=\"og:site_name\" content=\"Lab3040 :: Conectamos ecosistemas de innovaci\u00f3n\" \/>\n<meta property=\"article:modified_time\" content=\"2025-03-10T11:39:46+00:00\" \/>\n<meta name=\"twitter:card\" content=\"summary_large_image\" \/>\n<meta name=\"twitter:label1\" content=\"Tiempo de lectura\" \/>\n\t<meta name=\"twitter:data1\" content=\"1 minuto\" \/>\n<script type=\"application\/ld+json\" class=\"yoast-schema-graph\">{\"@context\":\"https:\/\/schema.org\",\"@graph\":[{\"@type\":\"WebPage\",\"@id\":\"https:\/\/www.lab3040.cat\/es\/proponer-una-solucion\/\",\"url\":\"https:\/\/www.lab3040.cat\/es\/proponer-una-solucion\/\",\"name\":\"Proponer una soluci\u00f3n - Lab3040 :: Conectamos ecosistemas de innovaci\u00f3n\",\"isPartOf\":{\"@id\":\"http:\/\/www.lab3040.cat\/#website\"},\"datePublished\":\"2023-01-18T11:21:19+00:00\",\"dateModified\":\"2025-03-10T11:39:46+00:00\",\"breadcrumb\":{\"@id\":\"https:\/\/www.lab3040.cat\/es\/proponer-una-solucion\/#breadcrumb\"},\"inLanguage\":\"es\",\"potentialAction\":[{\"@type\":\"ReadAction\",\"target\":[\"https:\/\/www.lab3040.cat\/es\/proponer-una-solucion\/\"]}]},{\"@type\":\"BreadcrumbList\",\"@id\":\"https:\/\/www.lab3040.cat\/es\/proponer-una-solucion\/#breadcrumb\",\"itemListElement\":[{\"@type\":\"ListItem\",\"position\":1,\"name\":\"Inici\",\"item\":\"https:\/\/www.lab3040.cat\/es\/\"},{\"@type\":\"ListItem\",\"position\":2,\"name\":\"Proponer una soluci\u00f3n\"}]},{\"@type\":\"WebSite\",\"@id\":\"http:\/\/www.lab3040.cat\/#website\",\"url\":\"http:\/\/www.lab3040.cat\/\",\"name\":\"Lab3040 :: Conectamos ecosistemas de innovaci\u00f3n\",\"description\":\"\",\"publisher\":{\"@id\":\"http:\/\/www.lab3040.cat\/#organization\"},\"potentialAction\":[{\"@type\":\"SearchAction\",\"target\":{\"@type\":\"EntryPoint\",\"urlTemplate\":\"http:\/\/www.lab3040.cat\/?s={search_term_string}\"},\"query-input\":{\"@type\":\"PropertyValueSpecification\",\"valueRequired\":true,\"valueName\":\"search_term_string\"}}],\"inLanguage\":\"es\"},{\"@type\":\"Organization\",\"@id\":\"http:\/\/www.lab3040.cat\/#organization\",\"name\":\"Lab3040 :: Conectamos ecosistemas de innovaci\u00f3n\",\"url\":\"http:\/\/www.lab3040.cat\/\",\"logo\":{\"@type\":\"ImageObject\",\"inLanguage\":\"es\",\"@id\":\"http:\/\/www.lab3040.cat\/#\/schema\/logo\/image\/\",\"url\":\"https:\/\/www.lab3040.cat\/wp-content\/uploads\/2023\/03\/logo_lab.jpg\",\"contentUrl\":\"https:\/\/www.lab3040.cat\/wp-content\/uploads\/2023\/03\/logo_lab.jpg\",\"width\":800,\"height\":375,\"caption\":\"Lab3040 :: Conectamos ecosistemas de innovaci\u00f3n\"},\"image\":{\"@id\":\"http:\/\/www.lab3040.cat\/#\/schema\/logo\/image\/\"}}]}<\/script>\n<!-- \/ Yoast SEO plugin. -->","yoast_head_json":{"title":"Proponer una soluci\u00f3n - Lab3040 :: Conectamos ecosistemas de innovaci\u00f3n","robots":{"index":"index","follow":"follow","max-snippet":"max-snippet:-1","max-image-preview":"max-image-preview:large","max-video-preview":"max-video-preview:-1"},"canonical":"https:\/\/www.lab3040.cat\/es\/proponer-una-solucion\/","og_locale":"es_ES","og_type":"article","og_title":"Proponer una soluci\u00f3n - Lab3040 :: Conectamos ecosistemas de innovaci\u00f3n","og_description":"[vc_row full_width=\u00bbstretch_row\u00bb parallax_style=\u00bbvcpb-default\u00bb bg_type=\u00bbimage\u00bb bg_image_new=\u00bbid^39|url^https:\/\/www.lab3040.cat\/wp-content\/uploads\/2022\/11\/background_LAB3040_e.jpg|caption^null|alt^null|title^background_LAB3040_e|description^null\u00bb bg_image_repeat=\u00bbno-repeat\u00bb bg_img_attach=\u00bbfixed\u00bb][vc_column][vc_empty_space height=\u00bb50px\u00bb][vc_column_text] Proponer una soluci\u00f3n [\/vc_column_text][vc_empty_space height=\u00bb50px\u00bb][vc_column_text][\/vc_column_text][\/vc_column][\/vc_row]","og_url":"https:\/\/www.lab3040.cat\/es\/proponer-una-solucion\/","og_site_name":"Lab3040 :: Conectamos ecosistemas de innovaci\u00f3n","article_modified_time":"2025-03-10T11:39:46+00:00","twitter_card":"summary_large_image","twitter_misc":{"Tiempo de lectura":"1 minuto"},"schema":{"@context":"https:\/\/schema.org","@graph":[{"@type":"WebPage","@id":"https:\/\/www.lab3040.cat\/es\/proponer-una-solucion\/","url":"https:\/\/www.lab3040.cat\/es\/proponer-una-solucion\/","name":"Proponer una soluci\u00f3n - Lab3040 :: Conectamos ecosistemas de innovaci\u00f3n","isPartOf":{"@id":"http:\/\/www.lab3040.cat\/#website"},"datePublished":"2023-01-18T11:21:19+00:00","dateModified":"2025-03-10T11:39:46+00:00","breadcrumb":{"@id":"https:\/\/www.lab3040.cat\/es\/proponer-una-solucion\/#breadcrumb"},"inLanguage":"es","potentialAction":[{"@type":"ReadAction","target":["https:\/\/www.lab3040.cat\/es\/proponer-una-solucion\/"]}]},{"@type":"BreadcrumbList","@id":"https:\/\/www.lab3040.cat\/es\/proponer-una-solucion\/#breadcrumb","itemListElement":[{"@type":"ListItem","position":1,"name":"Inici","item":"https:\/\/www.lab3040.cat\/es\/"},{"@type":"ListItem","position":2,"name":"Proponer una soluci\u00f3n"}]},{"@type":"WebSite","@id":"http:\/\/www.lab3040.cat\/#website","url":"http:\/\/www.lab3040.cat\/","name":"Lab3040 :: Conectamos ecosistemas de innovaci\u00f3n","description":"","publisher":{"@id":"http:\/\/www.lab3040.cat\/#organization"},"potentialAction":[{"@type":"SearchAction","target":{"@type":"EntryPoint","urlTemplate":"http:\/\/www.lab3040.cat\/?s={search_term_string}"},"query-input":{"@type":"PropertyValueSpecification","valueRequired":true,"valueName":"search_term_string"}}],"inLanguage":"es"},{"@type":"Organization","@id":"http:\/\/www.lab3040.cat\/#organization","name":"Lab3040 :: Conectamos ecosistemas de innovaci\u00f3n","url":"http:\/\/www.lab3040.cat\/","logo":{"@type":"ImageObject","inLanguage":"es","@id":"http:\/\/www.lab3040.cat\/#\/schema\/logo\/image\/","url":"https:\/\/www.lab3040.cat\/wp-content\/uploads\/2023\/03\/logo_lab.jpg","contentUrl":"https:\/\/www.lab3040.cat\/wp-content\/uploads\/2023\/03\/logo_lab.jpg","width":800,"height":375,"caption":"Lab3040 :: Conectamos ecosistemas de innovaci\u00f3n"},"image":{"@id":"http:\/\/www.lab3040.cat\/#\/schema\/logo\/image\/"}}]}},"_links":{"self":[{"href":"https:\/\/www.lab3040.cat\/es\/wp-json\/wp\/v2\/pages\/1472","targetHints":{"allow":["GET"]}}],"collection":[{"href":"https:\/\/www.lab3040.cat\/es\/wp-json\/wp\/v2\/pages"}],"about":[{"href":"https:\/\/www.lab3040.cat\/es\/wp-json\/wp\/v2\/types\/page"}],"author":[{"embeddable":true,"href":"https:\/\/www.lab3040.cat\/es\/wp-json\/wp\/v2\/users\/2"}],"replies":[{"embeddable":true,"href":"https:\/\/www.lab3040.cat\/es\/wp-json\/wp\/v2\/comments?post=1472"}],"version-history":[{"count":3,"href":"https:\/\/www.lab3040.cat\/es\/wp-json\/wp\/v2\/pages\/1472\/revisions"}],"predecessor-version":[{"id":2355,"href":"https:\/\/www.lab3040.cat\/es\/wp-json\/wp\/v2\/pages\/1472\/revisions\/2355"}],"wp:attachment":[{"href":"https:\/\/www.lab3040.cat\/es\/wp-json\/wp\/v2\/media?parent=1472"}],"curies":[{"name":"wp","href":"https:\/\/api.w.org\/{rel}","templated":true}]}}