{"id":1431,"date":"2023-01-10T12:27:01","date_gmt":"2023-01-10T10:27:01","guid":{"rendered":"https:\/\/www.lab3040.cat\/?page_id=1431"},"modified":"2025-05-09T10:05:45","modified_gmt":"2025-05-09T08:05:45","slug":"proceso-de-seleccion-de-pymes-y-startups","status":"publish","type":"page","link":"https:\/\/www.lab3040.cat\/es\/proceso-de-seleccion-de-pymes-y-startups\/","title":{"rendered":"Proceso de selecci\u00f3n de Pymes y Startups"},"content":{"rendered":"[vc_row remove_bottom_col_margin=\u00bbtrue\u00bb][vc_column][vc_column_text]Todas las propuestas presentadas ser\u00e1n <strong>revisadas por el equipo de soporte de la C\u00e1mara de Barcelona<\/strong> en Lab3040.<\/p>\n<p>Una vez finalizado el proceso de selecci\u00f3n, todas las propuestas recibir\u00e1n una <strong>comunicaci\u00f3n con los comentarios correspondientes<\/strong> sobre la propuesta presentada.<\/p>\n<p>Las propuestas presentadas optan a realizar un <strong>programa de colaboraci\u00f3n con los participantes<\/strong> de Lab3040.<\/p>\n<p>Las propuestas seleccionadas en el programa de colaboraci\u00f3n podr\u00e1n profundizar en posibles acuerdos con los miembros de Lab3040, quienes han mostrado su compromiso de analizar las propuestas para evaluar diferentes escenarios de colaboraci\u00f3n seg\u00fan corresponda.[\/vc_column_text][vc_row_inner][vc_column_inner width=\u00bb1\/4&#8243;]<div class=\"aio-icon-component    style_1\"><div id=\"Info-box-wrap-7486\" class=\"aio-icon-box square_box-icon\" style=\"\"  ><div class=\"aio-icon-square_box\"><div class=\"ult-just-icon-wrapper  \"><div class=\"align-icon\" style=\"text-align:center;\">\n<div class=\"aio-icon-img \" style=\"font-size:48px;display:inline-block;\" >\n\t<img decoding=\"async\" class=\"img-icon\" alt=\"null\" src=\"https:\/\/www.lab3040.cat\/wp-content\/uploads\/2023\/01\/test.png\"\/>\n<\/div><\/div><\/div><\/div><div class=\"aio-icon-header\" ><h3 class=\"aio-icon-title ult-responsive\"  data-ultimate-target='#Info-box-wrap-7486 .aio-icon-title'  data-responsive-json-new='{\"font-size\":\"\",\"line-height\":\"\"}'  style=\"\">Llevar a cabo pruebas piloto<\/h3><\/div> <!-- header --><\/div> <!-- aio-icon-box --><\/div> <!-- aio-icon-component -->[\/vc_column_inner][vc_column_inner width=\u00bb1\/4&#8243;]<div class=\"aio-icon-component    style_1\"><div id=\"Info-box-wrap-4172\" class=\"aio-icon-box square_box-icon\" style=\"\"  ><div class=\"aio-icon-square_box\"><div class=\"ult-just-icon-wrapper  \"><div class=\"align-icon\" style=\"text-align:center;\">\n<div class=\"aio-icon-img \" style=\"font-size:48px;display:inline-block;\" >\n\t<img decoding=\"async\" class=\"img-icon\" alt=\"null\" src=\"https:\/\/www.lab3040.cat\/wp-content\/uploads\/2023\/01\/interactions.png\"\/>\n<\/div><\/div><\/div><\/div><div class=\"aio-icon-header\" ><h3 class=\"aio-icon-title ult-responsive\"  data-ultimate-target='#Info-box-wrap-4172 .aio-icon-title'  data-responsive-json-new='{\"font-size\":\"\",\"line-height\":\"\"}'  style=\"\">Establecer relaci\u00f3n cliente \/ proveedor<\/h3><\/div> <!-- header --><\/div> <!-- aio-icon-box --><\/div> <!-- aio-icon-component -->[\/vc_column_inner][vc_column_inner width=\u00bb1\/4&#8243;]<div class=\"aio-icon-component    style_1\"><div id=\"Info-box-wrap-6517\" class=\"aio-icon-box square_box-icon\" style=\"\"  ><div class=\"aio-icon-square_box\"><div class=\"ult-just-icon-wrapper  \"><div class=\"align-icon\" style=\"text-align:center;\">\n<div class=\"aio-icon-img \" style=\"font-size:48px;display:inline-block;\" >\n\t<img decoding=\"async\" class=\"img-icon\" alt=\"null\" src=\"https:\/\/www.lab3040.cat\/wp-content\/uploads\/2023\/01\/investment.png\"\/>\n<\/div><\/div><\/div><\/div><div class=\"aio-icon-header\" ><h3 class=\"aio-icon-title ult-responsive\"  data-ultimate-target='#Info-box-wrap-6517 .aio-icon-title'  data-responsive-json-new='{\"font-size\":\"\",\"line-height\":\"\"}'  style=\"\">Co-invertir en las soluciones propuestas<\/h3><\/div> <!-- header --><\/div> <!-- aio-icon-box --><\/div> <!-- aio-icon-component -->[\/vc_column_inner][vc_column_inner width=\u00bb1\/4&#8243;]<div class=\"aio-icon-component    style_1\"><div id=\"Info-box-wrap-6338\" class=\"aio-icon-box square_box-icon\" style=\"\"  ><div class=\"aio-icon-square_box\"><div class=\"ult-just-icon-wrapper  \"><div class=\"align-icon\" style=\"text-align:center;\">\n<div class=\"aio-icon-img \" style=\"font-size:48px;display:inline-block;\" >\n\t<img decoding=\"async\" class=\"img-icon\" alt=\"null\" src=\"https:\/\/www.lab3040.cat\/wp-content\/uploads\/2023\/01\/exam.png\"\/>\n<\/div><\/div><\/div><\/div><div class=\"aio-icon-header\" ><h3 class=\"aio-icon-title ult-responsive\"  data-ultimate-target='#Info-box-wrap-6338 .aio-icon-title'  data-responsive-json-new='{\"font-size\":\"\",\"line-height\":\"\"}'  style=\"\">Valorar otros modelos de colaboraci\u00f3n<\/h3><\/div> <!-- header --><\/div> <!-- aio-icon-box --><\/div> <!-- aio-icon-component -->[\/vc_column_inner][\/vc_row_inner][vc_empty_space height=\u00bb50px\u00bb][\/vc_column][\/vc_row][vc_row full_width=\u00bbstretch_row\u00bb remove_bottom_col_margin=\u00bbtrue\u00bb bg_type=\u00bbbg_color\u00bb bg_color_value=\u00bb#f9f9f9&#8243; css=\u00bb.vc_custom_1673521393102{padding-bottom: 15px !important;}\u00bb][vc_column][vc_column_text]\n<h2 style=\"text-align: center;\">PROCESO DE SELECCI\u00d3N<\/h2>\n[\/vc_column_text][vc_column_text]\n<ul class=\"list-proces\">\n<li><a href=\"#fase1\">FASE 1<\/a><\/li>\n<li><a href=\"#fase2\">FASE 2<\/a><\/li>\n<li><a href=\"#fase3\">FASE 3<\/a><\/li>\n<li><a href=\"#fase4\">FASE 4<\/a><\/li>\n<\/ul>\n[\/vc_column_text][\/vc_column][\/vc_row][vc_row full_width=\u00bbstretch_row\u00bb bg_type=\u00bbbg_color\u00bb bg_color_value=\u00bb#ffffff\u00bb el_class=\u00bbfase-proces\u00bb css=\u00bb.vc_custom_1673521415967{padding-top: 50px !important;padding-bottom: 50px !important;}\u00bb][vc_column][vc_column_text]\n<p class=\"subheading\">FASE 1<\/p>\n<h3 class=\"title-fases\" style=\"text-align: center;\">PRESENTACI\u00d3N DE PROPUESTAS<\/h3>\n[\/vc_column_text][vc_column_text]Des del\u00a0<strong><u>Lab3040<\/u><\/strong> se are la convocatoria de participaci\u00f3n en los retos en tres dimensiones dentro del marco de la sostenibilidad (Medio ambiente, Modelos digitales y Ciudadan\u00eda).<\/p>\n<p>Las empresas, entidades o Start Ups podr\u00e1n presentar su propuesta de soluci\u00f3n a los retos planteados hasta el <strong><u>3 de Junio de 2025.<\/u><\/strong>[\/vc_column_text][\/vc_column][\/vc_row][vc_row full_width=\u00bbstretch_row\u00bb css=\u00bb.vc_custom_1673521907397{padding-top: 50px !important;padding-bottom: 50px !important;background-color: #f9f9f9 !important;}\u00bb el_class=\u00bbfase-proces\u00bb el_id=\u00bbfase2&#8243;][vc_column][vc_column_text]\n<p class=\"subheading\">FASE 2<\/p>\n<h3 class=\"title-fases\" style=\"text-align: center;\">SELECCI\u00d3N<\/h3>\n[\/vc_column_text][vc_column_text]Una vez cerrada la convocatoria, los integrantes de la iniciativa en cada vertical evaluar\u00e1n de manera conjunta las soluciones presentadas para cada desaf\u00edo del Lab3040 en el que hayan mostrado inter\u00e9s.<\/p>\n<p>Cada iniciativa evaluar\u00e1 con cu\u00e1l de las soluciones presentadas desea establecer contacto posteriormente.<\/p>\n<p>Criterios de selecci\u00f3n:<\/p>\n<ul>\n<li>Viabilidad y madurez del proyecto.\n<ul>\n<li><em>TRL m\u00ednimo 7 \u2013 Con prototipo en sistema real.<\/em><\/li>\n<\/ul>\n<\/li>\n<li>Equipo y compa\u00f1\u00eda que presenta la propuesta.\n<ul>\n<li><em>Composici\u00f3n del equipo, trayectoria y capacidades demostradas.<\/em><\/li>\n<\/ul>\n<\/li>\n<li>Capacidad t\u00e9cnica.\n<ul>\n<li><em>Medios demostrados por el participante para poder llevar a cabo la soluci\u00f3n propuesta.\u00a0<\/em><\/li>\n<\/ul>\n<\/li>\n<li>Sinerg\u00edas con los integrantes del LAB3040.\n<ul>\n<li><i>Sinergia de la soluci\u00f3n con el\u00a0participante del prop\u00f3sito del Lab3040.<\/i><\/li>\n<\/ul>\n<\/li>\n<li>Impacto de la soluci\u00f3n.\n<ul>\n<li><em>Grado de cumplimiento de los requerimientos.<\/em><\/li>\n<\/ul>\n<\/li>\n<li>Coste econ\u00f3mico.\n<ul>\n<li><i>Coste econ\u00f3mico relativo a la complejidad del\u00a0proyecto.<\/i><\/li>\n<\/ul>\n<\/li>\n<li>Grado de innovaci\u00f3n de la propuesta.\n<ul>\n<li><em>Grado de novedad \/originalidad de la soluci\u00f3n.<\/em><\/li>\n<\/ul>\n<\/li>\n<\/ul>\n[\/vc_column_text][\/vc_column][\/vc_row][vc_row full_width=\u00bbstretch_row\u00bb css=\u00bb.vc_custom_1673522026652{padding-top: 50px !important;padding-bottom: 50px !important;}\u00bb el_class=\u00bbfase-proces\u00bb el_id=\u00bbfase3&#8243;][vc_column][vc_column_text]\n<p class=\"subheading\">FASE 3<\/p>\n<h3 class=\"title-fases\" style=\"text-align: center;\">PROGRAMA DE COLABORACI\u00d3N<\/h3>\n[\/vc_column_text][vc_column_text]Las propuestas seleccionadas iniciaran el programa de colaboraci\u00f3n estructurado en <strong>4 sesiones de trabajo\u00a0<\/strong>(individuales para cada miembro del Lab3040).<\/p>\n<ul>\n<li><strong>Reuni\u00f3n de trabajo 1 : <\/strong>Identificaci\u00f3n de oportunidades\/ ventajas de la colaboraci\u00f3n con el participante.<\/li>\n<li><strong>Reuni\u00f3n de trabajo 2: <\/strong>Mejoras a la propuesta presentada y escenario de colaboraci\u00f3n.<\/li>\n<li><strong>Reuni\u00f3n de definici\u00f3n 3: <\/strong>Definici\u00f3n y concretar la primera prueba\/ piloto o colaboraci\u00f3n.<\/li>\n<li><strong>(En el caso\u00a0que fuera necesario) Reuni\u00f3n de cierre i <em>agreement<\/em>: <\/strong>Firma del contrato de colaboraci\u00f3n y\u00a0<em>agreement<\/em> del piloto.<\/li>\n<\/ul>\n[\/vc_column_text][\/vc_column][\/vc_row][vc_row full_width=\u00bbstretch_row\u00bb css=\u00bb.vc_custom_1673522033240{padding-top: 50px !important;padding-bottom: 50px !important;background-color: #f9f9f9 !important;}\u00bb el_class=\u00bbfase-proces\u00bb el_id=\u00bbfase4&#8243;][vc_column][vc_column_text]\n<p class=\"subheading\">FASE 4<\/p>\n<h3 class=\"title-fases\" style=\"text-align: center;\">PILOTO<\/h3>\n[\/vc_column_text][vc_column_text]Los integrantes del Lab3040 gestionar\u00e1n sus <strong>propios procesos de pilotaje<\/strong> con las empresas que realizan las propuestas y la coordinaci\u00f3n con los responsables de la iniciativa.<\/p>\n<p>Desde la iniciativa se llevar\u00e1 a cabo un seguimiento peri\u00f3dico de la evoluci\u00f3n de estos proyectos y acuerdos.[\/vc_column_text][vc_empty_space height=\u00bb50px\u00bb][\/vc_column][\/vc_row]\n","protected":false},"excerpt":{"rendered":"<p>[vc_row remove_bottom_col_margin=\u00bbtrue\u00bb][vc_column][vc_column_text]Todas las propuestas presentadas ser\u00e1n revisadas por el equipo de soporte de la C\u00e1mara de Barcelona en Lab3040. Una vez finalizado el proceso de selecci\u00f3n, todas las propuestas recibir\u00e1n una comunicaci\u00f3n con los comentarios correspondientes sobre la propuesta presentada. Las propuestas presentadas optan a realizar un programa de colaboraci\u00f3n con los participantes de Lab3040.&hellip;<\/p>\n","protected":false},"author":5,"featured_media":0,"parent":0,"menu_order":0,"comment_status":"closed","ping_status":"closed","template":"","meta":{"_acf_changed":false,"footnotes":""},"class_list":["post-1431","page","type-page","status-publish","hentry","entry","no-media"],"acf":[],"yoast_head":"<!-- This site is optimized with the Yoast SEO plugin v27.1.1 - https:\/\/yoast.com\/product\/yoast-seo-wordpress\/ -->\n<title>Proceso de selecci\u00f3n de Pymes y Startups - Lab3040 :: Conectamos ecosistemas de innovaci\u00f3n<\/title>\n<meta name=\"robots\" content=\"index, follow, max-snippet:-1, max-image-preview:large, max-video-preview:-1\" \/>\n<link rel=\"canonical\" href=\"https:\/\/www.lab3040.cat\/es\/proceso-de-seleccion-de-pymes-y-startups\/\" \/>\n<meta property=\"og:locale\" content=\"es_ES\" \/>\n<meta property=\"og:type\" content=\"article\" \/>\n<meta property=\"og:title\" content=\"Proceso de selecci\u00f3n de Pymes y Startups - Lab3040 :: Conectamos ecosistemas de innovaci\u00f3n\" \/>\n<meta property=\"og:description\" content=\"[vc_row remove_bottom_col_margin=\u00bbtrue\u00bb][vc_column][vc_column_text]Todas las propuestas presentadas ser\u00e1n revisadas por el equipo de soporte de la C\u00e1mara de Barcelona en Lab3040. Una vez finalizado el proceso de selecci\u00f3n, todas las propuestas recibir\u00e1n una comunicaci\u00f3n con los comentarios correspondientes sobre la propuesta presentada. Las propuestas presentadas optan a realizar un programa de colaboraci\u00f3n con los participantes de Lab3040.&hellip;\" \/>\n<meta property=\"og:url\" content=\"https:\/\/www.lab3040.cat\/es\/proceso-de-seleccion-de-pymes-y-startups\/\" \/>\n<meta property=\"og:site_name\" content=\"Lab3040 :: Conectamos ecosistemas de innovaci\u00f3n\" \/>\n<meta property=\"article:modified_time\" content=\"2025-05-09T08:05:45+00:00\" \/>\n<meta name=\"twitter:card\" content=\"summary_large_image\" \/>\n<meta name=\"twitter:label1\" content=\"Tiempo de lectura\" \/>\n\t<meta name=\"twitter:data1\" content=\"3 minutos\" \/>\n<script type=\"application\/ld+json\" class=\"yoast-schema-graph\">{\"@context\":\"https:\/\/schema.org\",\"@graph\":[{\"@type\":\"WebPage\",\"@id\":\"https:\/\/www.lab3040.cat\/es\/proceso-de-seleccion-de-pymes-y-startups\/\",\"url\":\"https:\/\/www.lab3040.cat\/es\/proceso-de-seleccion-de-pymes-y-startups\/\",\"name\":\"Proceso de selecci\u00f3n de Pymes y Startups - Lab3040 :: Conectamos ecosistemas de innovaci\u00f3n\",\"isPartOf\":{\"@id\":\"http:\/\/www.lab3040.cat\/#website\"},\"datePublished\":\"2023-01-10T10:27:01+00:00\",\"dateModified\":\"2025-05-09T08:05:45+00:00\",\"breadcrumb\":{\"@id\":\"https:\/\/www.lab3040.cat\/es\/proceso-de-seleccion-de-pymes-y-startups\/#breadcrumb\"},\"inLanguage\":\"es\",\"potentialAction\":[{\"@type\":\"ReadAction\",\"target\":[\"https:\/\/www.lab3040.cat\/es\/proceso-de-seleccion-de-pymes-y-startups\/\"]}]},{\"@type\":\"BreadcrumbList\",\"@id\":\"https:\/\/www.lab3040.cat\/es\/proceso-de-seleccion-de-pymes-y-startups\/#breadcrumb\",\"itemListElement\":[{\"@type\":\"ListItem\",\"position\":1,\"name\":\"Inici\",\"item\":\"https:\/\/www.lab3040.cat\/es\/\"},{\"@type\":\"ListItem\",\"position\":2,\"name\":\"Proceso de selecci\u00f3n de Pymes y Startups\"}]},{\"@type\":\"WebSite\",\"@id\":\"http:\/\/www.lab3040.cat\/#website\",\"url\":\"http:\/\/www.lab3040.cat\/\",\"name\":\"Lab3040 :: Conectamos ecosistemas de innovaci\u00f3n\",\"description\":\"\",\"publisher\":{\"@id\":\"http:\/\/www.lab3040.cat\/#organization\"},\"potentialAction\":[{\"@type\":\"SearchAction\",\"target\":{\"@type\":\"EntryPoint\",\"urlTemplate\":\"http:\/\/www.lab3040.cat\/?s={search_term_string}\"},\"query-input\":{\"@type\":\"PropertyValueSpecification\",\"valueRequired\":true,\"valueName\":\"search_term_string\"}}],\"inLanguage\":\"es\"},{\"@type\":\"Organization\",\"@id\":\"http:\/\/www.lab3040.cat\/#organization\",\"name\":\"Lab3040 :: Conectamos ecosistemas de innovaci\u00f3n\",\"url\":\"http:\/\/www.lab3040.cat\/\",\"logo\":{\"@type\":\"ImageObject\",\"inLanguage\":\"es\",\"@id\":\"http:\/\/www.lab3040.cat\/#\/schema\/logo\/image\/\",\"url\":\"https:\/\/www.lab3040.cat\/wp-content\/uploads\/2023\/03\/logo_lab.jpg\",\"contentUrl\":\"https:\/\/www.lab3040.cat\/wp-content\/uploads\/2023\/03\/logo_lab.jpg\",\"width\":800,\"height\":375,\"caption\":\"Lab3040 :: Conectamos ecosistemas de innovaci\u00f3n\"},\"image\":{\"@id\":\"http:\/\/www.lab3040.cat\/#\/schema\/logo\/image\/\"}}]}<\/script>\n<!-- \/ Yoast SEO plugin. -->","yoast_head_json":{"title":"Proceso de selecci\u00f3n de Pymes y Startups - Lab3040 :: Conectamos ecosistemas de innovaci\u00f3n","robots":{"index":"index","follow":"follow","max-snippet":"max-snippet:-1","max-image-preview":"max-image-preview:large","max-video-preview":"max-video-preview:-1"},"canonical":"https:\/\/www.lab3040.cat\/es\/proceso-de-seleccion-de-pymes-y-startups\/","og_locale":"es_ES","og_type":"article","og_title":"Proceso de selecci\u00f3n de Pymes y Startups - Lab3040 :: Conectamos ecosistemas de innovaci\u00f3n","og_description":"[vc_row remove_bottom_col_margin=\u00bbtrue\u00bb][vc_column][vc_column_text]Todas las propuestas presentadas ser\u00e1n revisadas por el equipo de soporte de la C\u00e1mara de Barcelona en Lab3040. Una vez finalizado el proceso de selecci\u00f3n, todas las propuestas recibir\u00e1n una comunicaci\u00f3n con los comentarios correspondientes sobre la propuesta presentada. Las propuestas presentadas optan a realizar un programa de colaboraci\u00f3n con los participantes de Lab3040.&hellip;","og_url":"https:\/\/www.lab3040.cat\/es\/proceso-de-seleccion-de-pymes-y-startups\/","og_site_name":"Lab3040 :: Conectamos ecosistemas de innovaci\u00f3n","article_modified_time":"2025-05-09T08:05:45+00:00","twitter_card":"summary_large_image","twitter_misc":{"Tiempo de lectura":"3 minutos"},"schema":{"@context":"https:\/\/schema.org","@graph":[{"@type":"WebPage","@id":"https:\/\/www.lab3040.cat\/es\/proceso-de-seleccion-de-pymes-y-startups\/","url":"https:\/\/www.lab3040.cat\/es\/proceso-de-seleccion-de-pymes-y-startups\/","name":"Proceso de selecci\u00f3n de Pymes y Startups - Lab3040 :: Conectamos ecosistemas de innovaci\u00f3n","isPartOf":{"@id":"http:\/\/www.lab3040.cat\/#website"},"datePublished":"2023-01-10T10:27:01+00:00","dateModified":"2025-05-09T08:05:45+00:00","breadcrumb":{"@id":"https:\/\/www.lab3040.cat\/es\/proceso-de-seleccion-de-pymes-y-startups\/#breadcrumb"},"inLanguage":"es","potentialAction":[{"@type":"ReadAction","target":["https:\/\/www.lab3040.cat\/es\/proceso-de-seleccion-de-pymes-y-startups\/"]}]},{"@type":"BreadcrumbList","@id":"https:\/\/www.lab3040.cat\/es\/proceso-de-seleccion-de-pymes-y-startups\/#breadcrumb","itemListElement":[{"@type":"ListItem","position":1,"name":"Inici","item":"https:\/\/www.lab3040.cat\/es\/"},{"@type":"ListItem","position":2,"name":"Proceso de selecci\u00f3n de Pymes y Startups"}]},{"@type":"WebSite","@id":"http:\/\/www.lab3040.cat\/#website","url":"http:\/\/www.lab3040.cat\/","name":"Lab3040 :: Conectamos ecosistemas de innovaci\u00f3n","description":"","publisher":{"@id":"http:\/\/www.lab3040.cat\/#organization"},"potentialAction":[{"@type":"SearchAction","target":{"@type":"EntryPoint","urlTemplate":"http:\/\/www.lab3040.cat\/?s={search_term_string}"},"query-input":{"@type":"PropertyValueSpecification","valueRequired":true,"valueName":"search_term_string"}}],"inLanguage":"es"},{"@type":"Organization","@id":"http:\/\/www.lab3040.cat\/#organization","name":"Lab3040 :: Conectamos ecosistemas de innovaci\u00f3n","url":"http:\/\/www.lab3040.cat\/","logo":{"@type":"ImageObject","inLanguage":"es","@id":"http:\/\/www.lab3040.cat\/#\/schema\/logo\/image\/","url":"https:\/\/www.lab3040.cat\/wp-content\/uploads\/2023\/03\/logo_lab.jpg","contentUrl":"https:\/\/www.lab3040.cat\/wp-content\/uploads\/2023\/03\/logo_lab.jpg","width":800,"height":375,"caption":"Lab3040 :: Conectamos ecosistemas de innovaci\u00f3n"},"image":{"@id":"http:\/\/www.lab3040.cat\/#\/schema\/logo\/image\/"}}]}},"_links":{"self":[{"href":"https:\/\/www.lab3040.cat\/es\/wp-json\/wp\/v2\/pages\/1431","targetHints":{"allow":["GET"]}}],"collection":[{"href":"https:\/\/www.lab3040.cat\/es\/wp-json\/wp\/v2\/pages"}],"about":[{"href":"https:\/\/www.lab3040.cat\/es\/wp-json\/wp\/v2\/types\/page"}],"author":[{"embeddable":true,"href":"https:\/\/www.lab3040.cat\/es\/wp-json\/wp\/v2\/users\/5"}],"replies":[{"embeddable":true,"href":"https:\/\/www.lab3040.cat\/es\/wp-json\/wp\/v2\/comments?post=1431"}],"version-history":[{"count":7,"href":"https:\/\/www.lab3040.cat\/es\/wp-json\/wp\/v2\/pages\/1431\/revisions"}],"predecessor-version":[{"id":2482,"href":"https:\/\/www.lab3040.cat\/es\/wp-json\/wp\/v2\/pages\/1431\/revisions\/2482"}],"wp:attachment":[{"href":"https:\/\/www.lab3040.cat\/es\/wp-json\/wp\/v2\/media?parent=1431"}],"curies":[{"name":"wp","href":"https:\/\/api.w.org\/{rel}","templated":true}]}}