{"id":1135,"date":"2023-01-12T11:14:58","date_gmt":"2023-01-12T09:14:58","guid":{"rendered":"https:\/\/www.lab3040.cat\/?page_id=1135"},"modified":"2025-11-17T11:35:53","modified_gmt":"2025-11-17T09:35:53","slug":"quienes-somos","status":"publish","type":"page","link":"https:\/\/www.lab3040.cat\/es\/quienes-somos\/","title":{"rendered":"Qui\u00e9nes somos"},"content":{"rendered":"[vc_row][vc_column][vc_column_text]\n<ul class=\"submenu-qui\">\n<li><a href=\"#\">Lab3040<\/a><\/li>\n<li><a href=\"#actividades\">Actividades<\/a><\/li>\n<li><a href=\"#ecosistema\">Ecosistema<\/a><\/li>\n<\/ul>\n[\/vc_column_text][vc_empty_space height=\u00bb50px\u00bb][vc_column_text]El Lab3040 ha estat creat per tal d&#8217;aconseguir <strong>potenciar l&#8217;ecosistema d&#8217;innovaci\u00f3 <\/strong>per generar la il\u00b7lusi\u00f3, l&#8217;energia i la visi\u00f3 necess\u00e0ria per afrontar un futur apassionant junts.<\/p>\n<p>Oferim <strong>serveis<\/strong> per facilitar que les empreses puguin trobar <strong>solucions a reptes de verticals tem\u00e0tics<\/strong> a trav\u00e9s de calls realitzades amb la Cambra.[\/vc_column_text][\/vc_column][\/vc_row][vc_row][vc_column width=\u00bb1\/2&#8243;][vc_single_image image=\u00bb1079&#8243;][\/vc_column][vc_column width=\u00bb1\/2&#8243;][vc_column_text]\n<h2>Com ho farem<\/h2>\n<ol>\n<li>Co-creant una <strong>visi\u00f3 compartida <\/strong>entre els diferents actors de l\u2019ecosistema.<\/li>\n<li>Fomentant la <strong>relaci\u00f3 publico-privada dins l\u2019ecosistema<\/strong>.<\/li>\n<li>Generant <strong>comunitat, projectes conjunts i col\u00b7laboraci\u00f3<\/strong> entre els actors de l\u2019ecosistema.<\/li>\n<li>Construint un <strong>espai d\u2019uni\u00f3<\/strong> per fer projectes.<\/li>\n<li>On tots els actors tinguin espai per al <strong>di\u00e0leg, intercanvi d\u2019experi\u00e8ncies <\/strong>i generaci\u00f3 de<strong> sin\u00e8rgies.<\/strong><\/li>\n<\/ol>\n[\/vc_column_text][\/vc_column][\/vc_row][vc_row full_width=\u00bbstretch_row\u00bb css=\u00bb.vc_custom_1708596893643{padding-top: 50px !important;background-color: #f9f9f9 !important;}\u00bb el_id=\u00bbactividades\u00bb][vc_column][vc_column_text css=\u00bb.vc_custom_1673696966776{margin-bottom: 30px !important;}\u00bb]\n<h2 class=\"custom-header-page\">Activitats del Lab3040<\/h2>\n[\/vc_column_text][vc_row_inner equal_height=\u00bbyes\u00bb el_class=\u00bbbox-activitat\u00bb css=\u00bb.vc_custom_1673696288092{margin-top: 30px !important;}\u00bb][vc_column_inner el_class=\u00bbleft\u00bb width=\u00bb1\/4&#8243; css=\u00bb.vc_custom_1673696283607{background: #eeee22 url(https:\/\/www.lab3040.cat\/wp-content\/uploads\/2023\/01\/activitat_grup_lab.jpg?id=761) !important;background-position: center !important;background-repeat: no-repeat !important;background-size: cover !important;}\u00bb][vc_empty_space][\/vc_column_inner][vc_column_inner el_class=\u00bbright\u00bb width=\u00bb3\/4&#8243;][vc_column_text]\n<h3 style=\"text-align: left;\">Grups d\u2019innovaci\u00f3 verticals<\/h3>\n<p class=\"quote\">Activar la Open Innovation de manera col\u00b7laborativa<\/p>\n<p style=\"text-align: left;\">Generem grups d\u2019inter\u00e8s al voltant d\u2019un \u00e0mbit o tem\u00e0tica col\u00b7laborant per desenvolupar la seva Open Innovation.<\/p>\n<p style=\"text-align: left;\">Ajudant a :<\/p>\n<ul>\n<li style=\"text-align: left;\">Identificaci\u00f3 i definici\u00f3 de <strong>reptes compartits<\/strong>.<\/li>\n<li style=\"text-align: left;\">Obrir <strong>calls compartits<\/strong> per a trobar Startups que puguin donar resposta als reptes identificats.<\/li>\n<li style=\"text-align: left;\"><strong>Avaluaci\u00f3<\/strong> per part dels membres del vertical de les propostes de Startups rebudes.<\/li>\n<\/ul>\n[\/vc_column_text][\/vc_column_inner][\/vc_row_inner][vc_row_inner equal_height=\u00bbyes\u00bb el_class=\u00bbbox-activitat\u00bb css=\u00bb.vc_custom_1673696361764{margin-top: 30px !important;}\u00bb][vc_column_inner el_class=\u00bbleft\u00bb width=\u00bb1\/4&#8243; css=\u00bb.vc_custom_1673696403614{background: #eeee22 url(https:\/\/www.lab3040.cat\/wp-content\/uploads\/2023\/01\/activitat_event_lab.jpg?id=762) !important;background-position: center !important;background-repeat: no-repeat !important;background-size: cover !important;}\u00bb][vc_empty_space][\/vc_column_inner][vc_column_inner el_class=\u00bbright\u00bb width=\u00bb3\/4&#8243;][vc_column_text]\n<h3 style=\"text-align: left;\">Esdeveniments<\/h3>\n<p class=\"quote\">Generem comunitat<\/p>\n<p>Desenvolupem diferents activitats on convidarem actors i empreses claus sobre les tem\u00e0tiques principals establertes.<\/p>\n<p>Ajudant a:<\/p>\n<ul>\n<li><strong>Visibilitat<\/strong> dels membres de la iniciativa.<\/li>\n<li>Acc\u00e9s a coneixement i contactes.<\/li>\n<li><strong>Networking<\/strong>.<\/li>\n<li>Activitats B2B.<\/li>\n<li>Trobades B2G.<\/li>\n<\/ul>\n[\/vc_column_text][\/vc_column_inner][\/vc_row_inner][vc_row_inner equal_height=\u00bbyes\u00bb el_class=\u00bbbox-activitat\u00bb css=\u00bb.vc_custom_1673696361764{margin-top: 30px !important;}\u00bb][vc_column_inner el_class=\u00bbleft\u00bb width=\u00bb1\/4&#8243; css=\u00bb.vc_custom_1685696041445{background-image: url(https:\/\/www.lab3040.cat\/wp-content\/uploads\/2023\/04\/projectes_de_colaboracio.jpg?id=1278) !important;background-position: center !important;background-repeat: no-repeat !important;background-size: cover !important;}\u00bb][vc_empty_space][\/vc_column_inner][vc_column_inner el_class=\u00bbright\u00bb width=\u00bb3\/4&#8243;][vc_column_text]\n<h3 style=\"text-align: left;\">Projectes de col\u00b7laboraci\u00f3<\/h3>\n<p class=\"quote\">Promoure la generaci\u00f3 de projectes col\u00b7laboratius<\/p>\n<p>Multipliquem el valor afegit dels membres a trav\u00e9s de la cooperaci\u00f3 de projectes.<\/p>\n<p>Creant un espai per:<\/p>\n<ul>\n<li>Activitats amb els membres per a la identificaci\u00f3 de <strong>projectes col\u00b7laboratius<\/strong>.<\/li>\n<li>Suport per a la identificaci\u00f3 de convocat\u00f2ries Europees per a la presentaci\u00f3 conjunta d\u2019iniciatives.<\/li>\n<\/ul>\n[\/vc_column_text][\/vc_column_inner][\/vc_row_inner][vc_row_inner equal_height=\u00bbyes\u00bb el_class=\u00bbbox-activitat\u00bb css=\u00bb.vc_custom_1673696361764{margin-top: 30px !important;}\u00bb][vc_column_inner el_class=\u00bbleft\u00bb width=\u00bb1\/4&#8243; css=\u00bb.vc_custom_1673696795061{background-image: url(https:\/\/www.lab3040.cat\/wp-content\/uploads\/2023\/01\/projectes_colaboracio-_lab3040.jpg?id=776) !important;background-position: center !important;background-repeat: no-repeat !important;background-size: cover !important;}\u00bb][vc_empty_space][\/vc_column_inner][vc_column_inner el_class=\u00bbright\u00bb width=\u00bb3\/4&#8243;][vc_column_text]\n<h3 style=\"text-align: left;\">Espais de connexi\u00f3<\/h3>\n<p class=\"quote\">Tots els beneficis d\u2019una gran xarxa de Hubs<\/p>\n<p>Ajudem a desenvolupar la innovaci\u00f3 compartint sin\u00e8rgies i espais amb la resta de l\u2019ecosistema.<\/p>\n<p>Oferint :<\/p>\n<ul>\n<li>Espais flex per a desenvolupar projectes d\u2019innovaci\u00f3.<\/li>\n<li>Connexi\u00f3 amb altres Hubs d\u2019Innovaci\u00f3 de Catalunya.<\/li>\n<li>Serveis de competitivitat i tecnol\u00f2gics al servei de l\u2019ecosistema.<\/li>\n<li>Compartir experi\u00e8ncies i espais amb altres ecosistemes com el Hub Digital, el Hub d\u2019Internacional de la Cambra.<\/li>\n<\/ul>\n[\/vc_column_text][\/vc_column_inner][\/vc_row_inner][\/vc_column][\/vc_row][vc_row el_class=\u00bbbox-membres\u00bb local_scroll_id=\u00bbecosistema\u00bb el_id=\u00bbecosistema\u00bb][vc_column][vc_column_text css=\u00bb.vc_custom_1706084739564{margin-bottom: 30px !important;}\u00bb]\n<h2 class=\"custom-header-page\">Ecosistema Lab3040<\/h2>\n[\/vc_column_text][vc_empty_space height=\u00bb40px\u00bb][vc_column_text]<a href=\"https:\/\/cambrabcn.org\/\" target=\"_blank\" rel=\"noopener\"><img loading=\"lazy\" decoding=\"async\" width=\"600\" height=\"294\" class=\"alignnone wp-image-1676 size-full logo-cambra\" src=\"https:\/\/www.lab3040.cat\/wp-content\/uploads\/2024\/01\/logo-cambra2.png\" alt=\"\" srcset=\"https:\/\/www.lab3040.cat\/wp-content\/uploads\/2024\/01\/logo-cambra2.png 600w, https:\/\/www.lab3040.cat\/wp-content\/uploads\/2024\/01\/logo-cambra2-300x147.png 300w\" sizes=\"auto, (max-width: 600px) 100vw, 600px\" \/><\/a>[\/vc_column_text][vc_empty_space height=\u00bb40px\u00bb][vc_text_separator title=\u00bbMIEMBROS PROMOTORES\u00bb][vc_empty_space height=\u00bb40px\u00bb][vc_row_inner][vc_column_inner width=\u00bb1\/3&#8243;][\/vc_column_inner][vc_column_inner width=\u00bb1\/3&#8243;][vc_single_image image=\u00bb2686&#8243; alignment=\u00bbcenter\u00bb onclick=\u00bbcustom_link\u00bb img_link_target=\u00bb_blank\u00bb link=\u00bbhttps:\/\/www.ibercaja.es\/\u00bb][\/vc_column_inner][vc_column_inner width=\u00bb1\/3&#8243;][\/vc_column_inner][\/vc_row_inner][vc_empty_space height=\u00bb40px\u00bb][vc_text_separator title=\u00bbMIEMBROS IMPULSORES\u00bb][vc_empty_space height=\u00bb40px\u00bb][vc_row_inner][vc_column_inner width=\u00bb1\/3&#8243;][vc_single_image image=\u00bb2288&#8243; onclick=\u00bbcustom_link\u00bb img_link_target=\u00bb_blank\u00bb link=\u00bbhttps:\/\/www.celsagroup.com\/\u00bb][\/vc_column_inner][vc_column_inner width=\u00bb1\/3&#8243;][vc_single_image image=\u00bb1644&#8243; alignment=\u00bbcenter\u00bb onclick=\u00bbcustom_link\u00bb img_link_target=\u00bb_blank\u00bb link=\u00bbhttps:\/\/www.cofidis.es\/es\/\u00bb][\/vc_column_inner][vc_column_inner width=\u00bb1\/3&#8243;][vc_single_image image=\u00bb1039&#8243; onclick=\u00bbcustom_link\u00bb img_link_target=\u00bb_blank\u00bb link=\u00bbhttps:\/\/www.naturgy.es\u00bb][\/vc_column_inner][\/vc_row_inner][vc_row_inner][vc_column_inner width=\u00bb1\/3&#8243;][vc_single_image image=\u00bb2715&#8243; alignment=\u00bbcenter\u00bb onclick=\u00bbcustom_link\u00bb img_link_target=\u00bb_blank\u00bb link=\u00bbhttps:\/\/www.seat.es\u00bb][\/vc_column_inner][vc_column_inner width=\u00bb1\/3&#8243;][vc_single_image image=\u00bb1035&#8243; alignment=\u00bbcenter\u00bb onclick=\u00bbcustom_link\u00bb img_link_target=\u00bb_blank\u00bb link=\u00bbhttps:\/\/www.tmb.cat\/ca\/home\u00bb][\/vc_column_inner][vc_column_inner width=\u00bb1\/3&#8243;][\/vc_column_inner][\/vc_row_inner][vc_empty_space height=\u00bb40px\u00bb][vc_text_separator title=\u00bbMEMBRES ACCESS\u00bb][vc_empty_space height=\u00bb20px\u00bb][vc_row_inner equal_height=\u00bbyes\u00bb content_placement=\u00bbmiddle\u00bb el_class=\u00bblogo-alt\u00bb][vc_column_inner width=\u00bb1\/3&#8243;][vc_single_image image=\u00bb1852&#8243; alignment=\u00bbcenter\u00bb onclick=\u00bbcustom_link\u00bb img_link_target=\u00bb_blank\u00bb link=\u00bbhttps:\/\/www.bacardi.com\/es\/es\/\u00bb][\/vc_column_inner][vc_column_inner width=\u00bb1\/3&#8243;][vc_single_image image=\u00bb2181&#8243; alignment=\u00bbcenter\u00bb onclick=\u00bbcustom_link\u00bb img_link_target=\u00bb_blank\u00bb link=\u00bbhttps:\/\/inclimo.com\/\u00bb][\/vc_column_inner][vc_column_inner width=\u00bb1\/3&#8243;][vc_single_image image=\u00bb2277&#8243; alignment=\u00bbcenter\u00bb onclick=\u00bbcustom_link\u00bb img_link_target=\u00bb_blank\u00bb link=\u00bbhttps:\/\/inclimo.com\/ca\/\u00bb][\/vc_column_inner][\/vc_row_inner][vc_row_inner equal_height=\u00bbyes\u00bb content_placement=\u00bbmiddle\u00bb el_class=\u00bblogo-alt\u00bb][vc_column_inner width=\u00bb1\/3&#8243;][vc_single_image image=\u00bb1041&#8243; alignment=\u00bbcenter\u00bb onclick=\u00bbcustom_link\u00bb img_link_target=\u00bb_blank\u00bb link=\u00bbhttps:\/\/www.leitat.org\/\u00bb][\/vc_column_inner][vc_column_inner width=\u00bb1\/3&#8243;][vc_single_image image=\u00bb2165&#8243; alignment=\u00bbcenter\u00bb onclick=\u00bbcustom_link\u00bb img_link_target=\u00bb_blank\u00bb link=\u00bbhttps:\/\/www.straker.ai\/es\u00bb][\/vc_column_inner][vc_column_inner width=\u00bb1\/3&#8243;][vc_single_image image=\u00bb2152&#8243; alignment=\u00bbcenter\u00bb onclick=\u00bbcustom_link\u00bb img_link_target=\u00bb_blank\u00bb link=\u00bbhttps:\/\/patel.es\/\u00bb][\/vc_column_inner][\/vc_row_inner][vc_empty_space height=\u00bb40px\u00bb][vc_text_separator title=\u00bbECOSISTEMA COLABORADOR\u00bb][vc_empty_space height=\u00bb40px\u00bb][vc_row_inner equal_height=\u00bbyes\u00bb content_placement=\u00bbmiddle\u00bb el_class=\u00bblogo-alt\u00bb][vc_column_inner width=\u00bb1\/3&#8243;][\/vc_column_inner][vc_column_inner width=\u00bb1\/3&#8243;][vc_single_image image=\u00bb2636&#8243; alignment=\u00bbcenter\u00bb onclick=\u00bbcustom_link\u00bb img_link_target=\u00bb_blank\u00bb link=\u00bbhttp:\/\/\u00bb][\/vc_column_inner][vc_column_inner width=\u00bb1\/3&#8243;][\/vc_column_inner][\/vc_row_inner][vc_empty_space height=\u00bb40px\u00bb][vc_text_separator title=\u00bbCOLABORADORES\u00bb][vc_empty_space height=\u00bb40px\u00bb][vc_row_inner equal_height=\u00bbyes\u00bb content_placement=\u00bbmiddle\u00bb][vc_column_inner width=\u00bb1\/4&#8243;][vc_single_image image=\u00bb1655&#8243; alignment=\u00bbcenter\u00bb onclick=\u00bbcustom_link\u00bb img_link_target=\u00bb_blank\u00bb link=\u00bbhttps:\/\/www.barcelonactiva.cat\/\u00bb][\/vc_column_inner][vc_column_inner width=\u00bb1\/4&#8243;][vc_single_image image=\u00bb1675&#8243; alignment=\u00bbcenter\u00bb onclick=\u00bbcustom_link\u00bb img_link_target=\u00bb_blank\u00bb link=\u00bbhttphttps:\/\/agenciaeconomica.amb.cat\/home\u00bb][\/vc_column_inner][vc_column_inner width=\u00bb1\/4&#8243;][vc_single_image image=\u00bb2015&#8243; alignment=\u00bbcenter\u00bb onclick=\u00bbcustom_link\u00bb img_link_target=\u00bb_blank\u00bb link=\u00bbhttps:\/\/cerca.cat\u00bb][\/vc_column_inner][vc_column_inner width=\u00bb1\/4&#8243;][vc_single_image image=\u00bb1658&#8243; alignment=\u00bbcenter\u00bb onclick=\u00bbcustom_link\u00bb img_link_target=\u00bb_blank\u00bb link=\u00bbhttps:\/\/www.elbaixllobregat.cat\/consell-comarcal-del-baix-llobregat\u00bb][\/vc_column_inner][\/vc_row_inner][vc_row_inner][vc_column_inner width=\u00bb1\/4&#8243;][vc_single_image image=\u00bb2042&#8243; alignment=\u00bbcenter\u00bb onclick=\u00bbcustom_link\u00bb img_link_target=\u00bb_blank\u00bb link=\u00bbhttps:\/\/www.fundaciorecerca.cat\u00bb][\/vc_column_inner][vc_column_inner width=\u00bb1\/4&#8243;][vc_single_image image=\u00bb1664&#8243; alignment=\u00bbcenter\u00bb onclick=\u00bbcustom_link\u00bb img_link_target=\u00bb_blank\u00bb link=\u00bbhttps:\/\/www.iqs.edu\/es\u00bb][\/vc_column_inner][vc_column_inner width=\u00bb1\/4&#8243;][vc_single_image image=\u00bb2031&#8243; alignment=\u00bbcenter\u00bb onclick=\u00bbcustom_link\u00bb img_link_target=\u00bb_blank\u00bb link=\u00bbhttps:\/\/barcelona.mobileworldcapital.com\/\u00bb][\/vc_column_inner][vc_column_inner width=\u00bb1\/4&#8243;][vc_single_image image=\u00bb1661&#8243; alignment=\u00bbcenter\u00bb onclick=\u00bbcustom_link\u00bb img_link_target=\u00bb_blank\u00bb link=\u00bbhttp:\/\/www.xpcat.net\/\u00bb][\/vc_column_inner][\/vc_row_inner][\/vc_column][\/vc_row][vc_row el_class=\u00bbbox-membres\u00bb local_scroll_id=\u00bbecosistema\u00bb el_id=\u00bbecosistema\u00bb][vc_column][\/vc_column][\/vc_row]\n","protected":false},"excerpt":{"rendered":"<p>[vc_row][vc_column][vc_column_text] Lab3040 Actividades Ecosistema [\/vc_column_text][vc_empty_space height=\u00bb50px\u00bb][vc_column_text]El Lab3040 ha estat creat per tal d&#8217;aconseguir potenciar l&#8217;ecosistema d&#8217;innovaci\u00f3 per generar la il\u00b7lusi\u00f3, l&#8217;energia i la visi\u00f3 necess\u00e0ria per afrontar un futur apassionant junts. Oferim serveis per facilitar que les empreses puguin trobar solucions a reptes de verticals tem\u00e0tics a trav\u00e9s de calls realitzades amb la Cambra.[\/vc_column_text][\/vc_column][\/vc_row][vc_row][vc_column width=\u00bb1\/2&#8243;][vc_single_image&hellip;<\/p>\n","protected":false},"author":5,"featured_media":0,"parent":0,"menu_order":0,"comment_status":"closed","ping_status":"closed","template":"","meta":{"_acf_changed":false,"footnotes":""},"class_list":["post-1135","page","type-page","status-publish","hentry","entry","no-media"],"acf":[],"yoast_head":"<!-- This site is optimized with the Yoast SEO plugin v27.1.1 - https:\/\/yoast.com\/product\/yoast-seo-wordpress\/ -->\n<title>Qui\u00e9nes somos - Lab3040 :: Conectamos ecosistemas de innovaci\u00f3n<\/title>\n<meta name=\"robots\" content=\"index, follow, max-snippet:-1, max-image-preview:large, max-video-preview:-1\" \/>\n<link rel=\"canonical\" href=\"https:\/\/www.lab3040.cat\/es\/quienes-somos\/\" \/>\n<meta property=\"og:locale\" content=\"es_ES\" \/>\n<meta property=\"og:type\" content=\"article\" \/>\n<meta property=\"og:title\" content=\"Qui\u00e9nes somos - Lab3040 :: Conectamos ecosistemas de innovaci\u00f3n\" \/>\n<meta property=\"og:description\" content=\"[vc_row][vc_column][vc_column_text] Lab3040 Actividades Ecosistema [\/vc_column_text][vc_empty_space height=\u00bb50px\u00bb][vc_column_text]El Lab3040 ha estat creat per tal d&#8217;aconseguir potenciar l&#8217;ecosistema d&#8217;innovaci\u00f3 per generar la il\u00b7lusi\u00f3, l&#8217;energia i la visi\u00f3 necess\u00e0ria per afrontar un futur apassionant junts. Oferim serveis per facilitar que les empreses puguin trobar solucions a reptes de verticals tem\u00e0tics a trav\u00e9s de calls realitzades amb la Cambra.[\/vc_column_text][\/vc_column][\/vc_row][vc_row][vc_column width=\u00bb1\/2&#8243;][vc_single_image&hellip;\" \/>\n<meta property=\"og:url\" content=\"https:\/\/www.lab3040.cat\/es\/quienes-somos\/\" \/>\n<meta property=\"og:site_name\" content=\"Lab3040 :: Conectamos ecosistemas de innovaci\u00f3n\" \/>\n<meta property=\"article:modified_time\" content=\"2025-11-17T09:35:53+00:00\" \/>\n<meta property=\"og:image\" content=\"https:\/\/www.lab3040.cat\/wp-content\/uploads\/2024\/01\/logo-cambra2.png\" \/>\n<meta name=\"twitter:card\" content=\"summary_large_image\" \/>\n<meta name=\"twitter:label1\" content=\"Tiempo de lectura\" \/>\n\t<meta name=\"twitter:data1\" content=\"6 minutos\" \/>\n<script type=\"application\/ld+json\" class=\"yoast-schema-graph\">{\"@context\":\"https:\/\/schema.org\",\"@graph\":[{\"@type\":\"WebPage\",\"@id\":\"https:\/\/www.lab3040.cat\/es\/quienes-somos\/\",\"url\":\"https:\/\/www.lab3040.cat\/es\/quienes-somos\/\",\"name\":\"Qui\u00e9nes somos - Lab3040 :: Conectamos ecosistemas de innovaci\u00f3n\",\"isPartOf\":{\"@id\":\"http:\/\/www.lab3040.cat\/#website\"},\"primaryImageOfPage\":{\"@id\":\"https:\/\/www.lab3040.cat\/es\/quienes-somos\/#primaryimage\"},\"image\":{\"@id\":\"https:\/\/www.lab3040.cat\/es\/quienes-somos\/#primaryimage\"},\"thumbnailUrl\":\"https:\/\/www.lab3040.cat\/wp-content\/uploads\/2024\/01\/logo-cambra2.png\",\"datePublished\":\"2023-01-12T09:14:58+00:00\",\"dateModified\":\"2025-11-17T09:35:53+00:00\",\"breadcrumb\":{\"@id\":\"https:\/\/www.lab3040.cat\/es\/quienes-somos\/#breadcrumb\"},\"inLanguage\":\"es\",\"potentialAction\":[{\"@type\":\"ReadAction\",\"target\":[\"https:\/\/www.lab3040.cat\/es\/quienes-somos\/\"]}]},{\"@type\":\"ImageObject\",\"inLanguage\":\"es\",\"@id\":\"https:\/\/www.lab3040.cat\/es\/quienes-somos\/#primaryimage\",\"url\":\"https:\/\/www.lab3040.cat\/wp-content\/uploads\/2024\/01\/logo-cambra2.png\",\"contentUrl\":\"https:\/\/www.lab3040.cat\/wp-content\/uploads\/2024\/01\/logo-cambra2.png\"},{\"@type\":\"BreadcrumbList\",\"@id\":\"https:\/\/www.lab3040.cat\/es\/quienes-somos\/#breadcrumb\",\"itemListElement\":[{\"@type\":\"ListItem\",\"position\":1,\"name\":\"Inici\",\"item\":\"https:\/\/www.lab3040.cat\/es\/\"},{\"@type\":\"ListItem\",\"position\":2,\"name\":\"Qui\u00e9nes somos\"}]},{\"@type\":\"WebSite\",\"@id\":\"http:\/\/www.lab3040.cat\/#website\",\"url\":\"http:\/\/www.lab3040.cat\/\",\"name\":\"Lab3040 :: Conectamos ecosistemas de innovaci\u00f3n\",\"description\":\"\",\"publisher\":{\"@id\":\"http:\/\/www.lab3040.cat\/#organization\"},\"potentialAction\":[{\"@type\":\"SearchAction\",\"target\":{\"@type\":\"EntryPoint\",\"urlTemplate\":\"http:\/\/www.lab3040.cat\/?s={search_term_string}\"},\"query-input\":{\"@type\":\"PropertyValueSpecification\",\"valueRequired\":true,\"valueName\":\"search_term_string\"}}],\"inLanguage\":\"es\"},{\"@type\":\"Organization\",\"@id\":\"http:\/\/www.lab3040.cat\/#organization\",\"name\":\"Lab3040 :: Conectamos ecosistemas de innovaci\u00f3n\",\"url\":\"http:\/\/www.lab3040.cat\/\",\"logo\":{\"@type\":\"ImageObject\",\"inLanguage\":\"es\",\"@id\":\"http:\/\/www.lab3040.cat\/#\/schema\/logo\/image\/\",\"url\":\"https:\/\/www.lab3040.cat\/wp-content\/uploads\/2023\/03\/logo_lab.jpg\",\"contentUrl\":\"https:\/\/www.lab3040.cat\/wp-content\/uploads\/2023\/03\/logo_lab.jpg\",\"width\":800,\"height\":375,\"caption\":\"Lab3040 :: Conectamos ecosistemas de innovaci\u00f3n\"},\"image\":{\"@id\":\"http:\/\/www.lab3040.cat\/#\/schema\/logo\/image\/\"}}]}<\/script>\n<!-- \/ Yoast SEO plugin. -->","yoast_head_json":{"title":"Qui\u00e9nes somos - Lab3040 :: Conectamos ecosistemas de innovaci\u00f3n","robots":{"index":"index","follow":"follow","max-snippet":"max-snippet:-1","max-image-preview":"max-image-preview:large","max-video-preview":"max-video-preview:-1"},"canonical":"https:\/\/www.lab3040.cat\/es\/quienes-somos\/","og_locale":"es_ES","og_type":"article","og_title":"Qui\u00e9nes somos - Lab3040 :: Conectamos ecosistemas de innovaci\u00f3n","og_description":"[vc_row][vc_column][vc_column_text] Lab3040 Actividades Ecosistema [\/vc_column_text][vc_empty_space height=\u00bb50px\u00bb][vc_column_text]El Lab3040 ha estat creat per tal d&#8217;aconseguir potenciar l&#8217;ecosistema d&#8217;innovaci\u00f3 per generar la il\u00b7lusi\u00f3, l&#8217;energia i la visi\u00f3 necess\u00e0ria per afrontar un futur apassionant junts. Oferim serveis per facilitar que les empreses puguin trobar solucions a reptes de verticals tem\u00e0tics a trav\u00e9s de calls realitzades amb la Cambra.[\/vc_column_text][\/vc_column][\/vc_row][vc_row][vc_column width=\u00bb1\/2&#8243;][vc_single_image&hellip;","og_url":"https:\/\/www.lab3040.cat\/es\/quienes-somos\/","og_site_name":"Lab3040 :: Conectamos ecosistemas de innovaci\u00f3n","article_modified_time":"2025-11-17T09:35:53+00:00","og_image":[{"url":"https:\/\/www.lab3040.cat\/wp-content\/uploads\/2024\/01\/logo-cambra2.png","type":"","width":"","height":""}],"twitter_card":"summary_large_image","twitter_misc":{"Tiempo de lectura":"6 minutos"},"schema":{"@context":"https:\/\/schema.org","@graph":[{"@type":"WebPage","@id":"https:\/\/www.lab3040.cat\/es\/quienes-somos\/","url":"https:\/\/www.lab3040.cat\/es\/quienes-somos\/","name":"Qui\u00e9nes somos - Lab3040 :: Conectamos ecosistemas de innovaci\u00f3n","isPartOf":{"@id":"http:\/\/www.lab3040.cat\/#website"},"primaryImageOfPage":{"@id":"https:\/\/www.lab3040.cat\/es\/quienes-somos\/#primaryimage"},"image":{"@id":"https:\/\/www.lab3040.cat\/es\/quienes-somos\/#primaryimage"},"thumbnailUrl":"https:\/\/www.lab3040.cat\/wp-content\/uploads\/2024\/01\/logo-cambra2.png","datePublished":"2023-01-12T09:14:58+00:00","dateModified":"2025-11-17T09:35:53+00:00","breadcrumb":{"@id":"https:\/\/www.lab3040.cat\/es\/quienes-somos\/#breadcrumb"},"inLanguage":"es","potentialAction":[{"@type":"ReadAction","target":["https:\/\/www.lab3040.cat\/es\/quienes-somos\/"]}]},{"@type":"ImageObject","inLanguage":"es","@id":"https:\/\/www.lab3040.cat\/es\/quienes-somos\/#primaryimage","url":"https:\/\/www.lab3040.cat\/wp-content\/uploads\/2024\/01\/logo-cambra2.png","contentUrl":"https:\/\/www.lab3040.cat\/wp-content\/uploads\/2024\/01\/logo-cambra2.png"},{"@type":"BreadcrumbList","@id":"https:\/\/www.lab3040.cat\/es\/quienes-somos\/#breadcrumb","itemListElement":[{"@type":"ListItem","position":1,"name":"Inici","item":"https:\/\/www.lab3040.cat\/es\/"},{"@type":"ListItem","position":2,"name":"Qui\u00e9nes somos"}]},{"@type":"WebSite","@id":"http:\/\/www.lab3040.cat\/#website","url":"http:\/\/www.lab3040.cat\/","name":"Lab3040 :: Conectamos ecosistemas de innovaci\u00f3n","description":"","publisher":{"@id":"http:\/\/www.lab3040.cat\/#organization"},"potentialAction":[{"@type":"SearchAction","target":{"@type":"EntryPoint","urlTemplate":"http:\/\/www.lab3040.cat\/?s={search_term_string}"},"query-input":{"@type":"PropertyValueSpecification","valueRequired":true,"valueName":"search_term_string"}}],"inLanguage":"es"},{"@type":"Organization","@id":"http:\/\/www.lab3040.cat\/#organization","name":"Lab3040 :: Conectamos ecosistemas de innovaci\u00f3n","url":"http:\/\/www.lab3040.cat\/","logo":{"@type":"ImageObject","inLanguage":"es","@id":"http:\/\/www.lab3040.cat\/#\/schema\/logo\/image\/","url":"https:\/\/www.lab3040.cat\/wp-content\/uploads\/2023\/03\/logo_lab.jpg","contentUrl":"https:\/\/www.lab3040.cat\/wp-content\/uploads\/2023\/03\/logo_lab.jpg","width":800,"height":375,"caption":"Lab3040 :: Conectamos ecosistemas de innovaci\u00f3n"},"image":{"@id":"http:\/\/www.lab3040.cat\/#\/schema\/logo\/image\/"}}]}},"_links":{"self":[{"href":"https:\/\/www.lab3040.cat\/es\/wp-json\/wp\/v2\/pages\/1135","targetHints":{"allow":["GET"]}}],"collection":[{"href":"https:\/\/www.lab3040.cat\/es\/wp-json\/wp\/v2\/pages"}],"about":[{"href":"https:\/\/www.lab3040.cat\/es\/wp-json\/wp\/v2\/types\/page"}],"author":[{"embeddable":true,"href":"https:\/\/www.lab3040.cat\/es\/wp-json\/wp\/v2\/users\/5"}],"replies":[{"embeddable":true,"href":"https:\/\/www.lab3040.cat\/es\/wp-json\/wp\/v2\/comments?post=1135"}],"version-history":[{"count":29,"href":"https:\/\/www.lab3040.cat\/es\/wp-json\/wp\/v2\/pages\/1135\/revisions"}],"predecessor-version":[{"id":2722,"href":"https:\/\/www.lab3040.cat\/es\/wp-json\/wp\/v2\/pages\/1135\/revisions\/2722"}],"wp:attachment":[{"href":"https:\/\/www.lab3040.cat\/es\/wp-json\/wp\/v2\/media?parent=1135"}],"curies":[{"name":"wp","href":"https:\/\/api.w.org\/{rel}","templated":true}]}}