{"id":1569,"date":"2023-01-10T12:27:01","date_gmt":"2023-01-10T10:27:01","guid":{"rendered":"https:\/\/www.lab3040.cat\/?page_id=1569"},"modified":"2025-05-09T10:04:53","modified_gmt":"2025-05-09T08:04:53","slug":"selection-process-for-smes-and-startups","status":"publish","type":"page","link":"https:\/\/www.lab3040.cat\/en\/selection-process-for-smes-and-startups\/","title":{"rendered":"Selection process for SMEs and Startups"},"content":{"rendered":"[vc_row remove_bottom_col_margin=&#8221;true&#8221;][vc_column][vc_column_text]Totes les propostes presentades seran <strong>revisades per l\u2019equip de suport de la Cambra<\/strong> <strong>de Barcelona<\/strong> al Lab3040.<\/p>\n<p>Les propostes que s\u2019adaptin als requeriments de la convocat\u00f2ria seran analitzades pels membres de cada vertical del Lab3040.<\/p>\n<p>Un cop finalitzat el proc\u00e9s de selecci\u00f3, totes les propostes rebran una <strong>comunicaci\u00f3 amb el feedback<\/strong> respecte a la proposta presentada<\/p>\n<p>Les propostes presentades opten a realitzar un <strong>programa de col\u00b7laboraci\u00f3 amb els participants del Lab3040. <\/strong><\/p>\n<p>Les propostes seleccionades al programa de col\u00b7laboraci\u00f3 podran aprofundir en possibles acords amb els integrants del Lab3040, que han mostrat el comprom\u00eds d\u2019analitzar les propostes per, segons sigui el cas, valorar diferents escenaris de col\u00b7laboraci\u00f3:[\/vc_column_text][vc_row_inner][vc_column_inner width=&#8221;1\/4&#8243;]<div class=\"aio-icon-component    style_1\"><div id=\"Info-box-wrap-9306\" class=\"aio-icon-box square_box-icon\" style=\"\"  ><div class=\"aio-icon-square_box\"><div class=\"ult-just-icon-wrapper  \"><div class=\"align-icon\" style=\"text-align:center;\">\n<div class=\"aio-icon-img \" style=\"font-size:48px;display:inline-block;\" >\n\t<img decoding=\"async\" class=\"img-icon\" alt=\"null\" src=\"https:\/\/www.lab3040.cat\/wp-content\/uploads\/2023\/01\/test.png\"\/>\n<\/div><\/div><\/div><\/div><div class=\"aio-icon-header\" ><h3 class=\"aio-icon-title ult-responsive\"  data-ultimate-target='#Info-box-wrap-9306 .aio-icon-title'  data-responsive-json-new='{\"font-size\":\"\",\"line-height\":\"\"}'  style=\"\">Fer proves pilot<\/h3><\/div> <!-- header --><\/div> <!-- aio-icon-box --><\/div> <!-- aio-icon-component -->[\/vc_column_inner][vc_column_inner width=&#8221;1\/4&#8243;]<div class=\"aio-icon-component    style_1\"><div id=\"Info-box-wrap-4287\" class=\"aio-icon-box square_box-icon\" style=\"\"  ><div class=\"aio-icon-square_box\"><div class=\"ult-just-icon-wrapper  \"><div class=\"align-icon\" style=\"text-align:center;\">\n<div class=\"aio-icon-img \" style=\"font-size:48px;display:inline-block;\" >\n\t<img decoding=\"async\" class=\"img-icon\" alt=\"null\" src=\"https:\/\/www.lab3040.cat\/wp-content\/uploads\/2023\/01\/interactions.png\"\/>\n<\/div><\/div><\/div><\/div><div class=\"aio-icon-header\" ><h3 class=\"aio-icon-title ult-responsive\"  data-ultimate-target='#Info-box-wrap-4287 .aio-icon-title'  data-responsive-json-new='{\"font-size\":\"\",\"line-height\":\"\"}'  style=\"\">Establir relaci\u00f3 client \/ prove\u00efdor<\/h3><\/div> <!-- header --><\/div> <!-- aio-icon-box --><\/div> <!-- aio-icon-component -->[\/vc_column_inner][vc_column_inner width=&#8221;1\/4&#8243;]<div class=\"aio-icon-component    style_1\"><div id=\"Info-box-wrap-4050\" class=\"aio-icon-box square_box-icon\" style=\"\"  ><div class=\"aio-icon-square_box\"><div class=\"ult-just-icon-wrapper  \"><div class=\"align-icon\" style=\"text-align:center;\">\n<div class=\"aio-icon-img \" style=\"font-size:48px;display:inline-block;\" >\n\t<img decoding=\"async\" class=\"img-icon\" alt=\"null\" src=\"https:\/\/www.lab3040.cat\/wp-content\/uploads\/2023\/01\/investment.png\"\/>\n<\/div><\/div><\/div><\/div><div class=\"aio-icon-header\" ><h3 class=\"aio-icon-title ult-responsive\"  data-ultimate-target='#Info-box-wrap-4050 .aio-icon-title'  data-responsive-json-new='{\"font-size\":\"\",\"line-height\":\"\"}'  style=\"\">Co-invertir en les solucions proposades<\/h3><\/div> <!-- header --><\/div> <!-- aio-icon-box --><\/div> <!-- aio-icon-component -->[\/vc_column_inner][vc_column_inner width=&#8221;1\/4&#8243;]<div class=\"aio-icon-component    style_1\"><div id=\"Info-box-wrap-2673\" class=\"aio-icon-box square_box-icon\" style=\"\"  ><div class=\"aio-icon-square_box\"><div class=\"ult-just-icon-wrapper  \"><div class=\"align-icon\" style=\"text-align:center;\">\n<div class=\"aio-icon-img \" style=\"font-size:48px;display:inline-block;\" >\n\t<img decoding=\"async\" class=\"img-icon\" alt=\"null\" src=\"https:\/\/www.lab3040.cat\/wp-content\/uploads\/2023\/01\/exam.png\"\/>\n<\/div><\/div><\/div><\/div><div class=\"aio-icon-header\" ><h3 class=\"aio-icon-title ult-responsive\"  data-ultimate-target='#Info-box-wrap-2673 .aio-icon-title'  data-responsive-json-new='{\"font-size\":\"\",\"line-height\":\"\"}'  style=\"\">Valorar altres models de col\u00b7laboraci\u00f3<\/h3><\/div> <!-- header --><\/div> <!-- aio-icon-box --><\/div> <!-- aio-icon-component -->[\/vc_column_inner][\/vc_row_inner][vc_empty_space height=&#8221;50px&#8221;][\/vc_column][\/vc_row][vc_row full_width=&#8221;stretch_row&#8221; remove_bottom_col_margin=&#8221;true&#8221; bg_type=&#8221;bg_color&#8221; bg_color_value=&#8221;#f9f9f9&#8243; css=&#8221;.vc_custom_1673521393102{padding-bottom: 15px !important;}&#8221;][vc_column][vc_column_text]\n<h2 style=\"text-align: center;\">PROC\u00c9S DE SELECCI\u00d3<\/h2>\n[\/vc_column_text][vc_column_text]\n<ul class=\"list-proces\">\n<li><a href=\"#fase1\">FASE 1<\/a><\/li>\n<li><a href=\"#fase2\">FASE 2<\/a><\/li>\n<li><a href=\"#fase3\">FASE 3<\/a><\/li>\n<li><a href=\"#fase4\">FASE 4<\/a><\/li>\n<\/ul>\n[\/vc_column_text][\/vc_column][\/vc_row][vc_row full_width=&#8221;stretch_row&#8221; bg_type=&#8221;bg_color&#8221; bg_color_value=&#8221;#ffffff&#8221; el_class=&#8221;fase-proces&#8221; css=&#8221;.vc_custom_1673521415967{padding-top: 50px !important;padding-bottom: 50px !important;}&#8221;][vc_column][vc_column_text]\n<p class=\"subheading\">FASE 1<\/p>\n<h3 class=\"title-fases\" style=\"text-align: center;\">PRESENTACI\u00d3 DE PROPOSTES<\/h3>\n[\/vc_column_text][vc_column_text]Des de <strong><u>Lab3040<\/u><\/strong> s\u2019obren els reptes en tres marcs de treball dintre de la sostenibilitat (Medi ambient, Models digitals i Ciutadania).<\/p>\n<p>Les empreses, entitats o Start Ups podran presentar la seva proposta de soluci\u00f3 en el repte corresponent fins el <strong><u>3 de juny del 2025.<\/u><\/strong>[\/vc_column_text][\/vc_column][\/vc_row][vc_row full_width=&#8221;stretch_row&#8221; css=&#8221;.vc_custom_1673521907397{padding-top: 50px !important;padding-bottom: 50px !important;background-color: #f9f9f9 !important;}&#8221; el_class=&#8221;fase-proces&#8221; el_id=&#8221;fase2&#8243;][vc_column][vc_column_text]\n<p class=\"subheading\">FASE 2<\/p>\n<h3 class=\"title-fases\" style=\"text-align: center;\">SELECCI\u00d3<\/h3>\n[\/vc_column_text][vc_column_text]Un cop tancada la convocat\u00f2ria, els integrants de la iniciativa a cada vertical valoraran de manera conjunta les solucions presentades a cada repte del Lab3040 en el que hagin manifestat inter\u00e8s.<\/p>\n<p>Cadascuna de les iniciatives valorar\u00e0 amb quina de les solucions presentades vol tenir contacte amb posterioritat.<\/p>\n<p>Criteris de selecci\u00f3:<\/p>\n<ul>\n<li>Viabilitat i maduresa del projecte\n<ul>\n<li><em>TRL m\u00ednim 7 \u2013 Amb prototip en sistema real<\/em>.<\/li>\n<li><em>Possibilitat de que la soluci\u00f3 aporti una soluci\u00f3 adequada a la complexitat del repte.<\/em><\/li>\n<\/ul>\n<\/li>\n<li>Equip i companyia que presenta la proposta\n<ul>\n<li><em>Composici\u00f3 de l\u2019equip, traject\u00f2ria i capacitats demostrades<\/em>.<\/li>\n<\/ul>\n<\/li>\n<li>Capacitat t\u00e8cnica\n<ul>\n<li><em>Mitjans demostrats pel proposant per dur a terme la soluci\u00f3 proposada.<\/em><\/li>\n<\/ul>\n<\/li>\n<li>Sin\u00e8rgies amb els integrants del Lab3040\n<ul>\n<li><em>Sin\u00e8rgia de la soluci\u00f3 amb el principal prop\u00f2sit del Lab3040, l\u2019alineament amb les necessitats de les empreses implicades en cada repte.<\/em><\/li>\n<\/ul>\n<\/li>\n<li>Impacte de la soluci\u00f3.\n<ul>\n<li><em>Grau d\u2019assoliment dels requeriments del repte.<\/em><\/li>\n<\/ul>\n<\/li>\n<li>Cost econ\u00f2mic.\n<ul>\n<li><em>Cost econ\u00f2mic relatiu a la complexitat del projecte.<\/em><\/li>\n<\/ul>\n<\/li>\n<li>Grau d\u2019innovaci\u00f3 de la proposta.\n<ul>\n<li><em>Grau de novetat \/originalitat que suposa la soluci\u00f3.<\/em><\/li>\n<\/ul>\n<\/li>\n<\/ul>\n[\/vc_column_text][\/vc_column][\/vc_row][vc_row full_width=&#8221;stretch_row&#8221; css=&#8221;.vc_custom_1673522026652{padding-top: 50px !important;padding-bottom: 50px !important;}&#8221; el_class=&#8221;fase-proces&#8221; el_id=&#8221;fase3&#8243;][vc_column][vc_column_text]\n<p class=\"subheading\">FASE 3<\/p>\n<h3 class=\"title-fases\" style=\"text-align: center;\">PROGRAMA DE COL\u00b7LABORACI\u00d3<\/h3>\n[\/vc_column_text][vc_column_text]Les propostes seleccionades iniciaran el programa de col\u00b7laboraci\u00f3 estructurat en <strong>4 sessions de treball <\/strong>(individuals per cada membre del Lab3040).<\/p>\n<ul>\n<li><strong>Reuni\u00f3 de treball 1 : <\/strong>Identificaci\u00f3 d\u2019oportunitats\/avantatges de la col\u00b7laboraci\u00f3 amb el proposant.<\/li>\n<li><strong>Reuni\u00f3 de treball 2: <\/strong>Millores a la proposta presentada i escenari de col\u00b7laboraci\u00f3.<\/li>\n<li><strong>Reuni\u00f3 de definici\u00f3 3: <\/strong>Definici\u00f3 i concreci\u00f3 de la primera prova\/pilot o col\u00b7laboraci\u00f3.<\/li>\n<li><strong>(Si escau) Reuni\u00f3 de tancament i <em>agreement<\/em>: <\/strong>Signatura del contracte de col\u00b7laboraci\u00f3 i <em>agreement<\/em> de pilot.<\/li>\n<\/ul>\n[\/vc_column_text][\/vc_column][\/vc_row][vc_row full_width=&#8221;stretch_row&#8221; css=&#8221;.vc_custom_1673522033240{padding-top: 50px !important;padding-bottom: 50px !important;background-color: #f9f9f9 !important;}&#8221; el_class=&#8221;fase-proces&#8221; el_id=&#8221;fase4&#8243;][vc_column][vc_column_text]\n<p class=\"subheading\">FASE 4<\/p>\n<h3 class=\"title-fases\" style=\"text-align: center;\">PILOT<\/h3>\n[\/vc_column_text][vc_column_text]Els integrants del Lab3040 gestionaran els seus propis<strong> processos de pilotatge<\/strong> amb les empreses que realitzen les propostes i la coordinaci\u00f3 amb els responsables de la iniciativa .<\/p>\n<p>Des de la iniciativa es dur\u00e0 a terme un seguiment peri\u00f2dic de l\u2019evoluci\u00f3 d\u2019aquests acords.[\/vc_column_text][vc_empty_space height=&#8221;50px&#8221;][\/vc_column][\/vc_row]\n","protected":false},"excerpt":{"rendered":"<p>[vc_row remove_bottom_col_margin=&#8221;true&#8221;][vc_column][vc_column_text]Totes les propostes presentades seran revisades per l\u2019equip de suport de la Cambra de Barcelona al Lab3040. Les propostes que s\u2019adaptin als requeriments de la convocat\u00f2ria seran analitzades pels membres de cada vertical del Lab3040. Un cop finalitzat el proc\u00e9s de selecci\u00f3, totes les propostes rebran una comunicaci\u00f3 amb el feedback respecte a la&hellip;<\/p>\n","protected":false},"author":2,"featured_media":0,"parent":0,"menu_order":0,"comment_status":"closed","ping_status":"closed","template":"","meta":{"_acf_changed":false,"footnotes":""},"class_list":["post-1569","page","type-page","status-publish","hentry","entry","no-media"],"acf":[],"yoast_head":"<!-- This site is optimized with the Yoast SEO plugin v27.1.1 - https:\/\/yoast.com\/product\/yoast-seo-wordpress\/ -->\n<title>Selection process for SMEs and Startups - Lab3040 :: Connecting innovation ecosystems<\/title>\n<meta name=\"robots\" content=\"index, follow, max-snippet:-1, max-image-preview:large, max-video-preview:-1\" \/>\n<link rel=\"canonical\" href=\"https:\/\/www.lab3040.cat\/en\/selection-process-for-smes-and-startups\/\" \/>\n<meta property=\"og:locale\" content=\"en_US\" \/>\n<meta property=\"og:type\" content=\"article\" \/>\n<meta property=\"og:title\" content=\"Selection process for SMEs and Startups - Lab3040 :: Connecting innovation ecosystems\" \/>\n<meta property=\"og:description\" content=\"[vc_row remove_bottom_col_margin=&#8221;true&#8221;][vc_column][vc_column_text]Totes les propostes presentades seran revisades per l\u2019equip de suport de la Cambra de Barcelona al Lab3040. Les propostes que s\u2019adaptin als requeriments de la convocat\u00f2ria seran analitzades pels membres de cada vertical del Lab3040. Un cop finalitzat el proc\u00e9s de selecci\u00f3, totes les propostes rebran una comunicaci\u00f3 amb el feedback respecte a la&hellip;\" \/>\n<meta property=\"og:url\" content=\"https:\/\/www.lab3040.cat\/en\/selection-process-for-smes-and-startups\/\" \/>\n<meta property=\"og:site_name\" content=\"Lab3040 :: Connecting innovation ecosystems\" \/>\n<meta property=\"article:modified_time\" content=\"2025-05-09T08:04:53+00:00\" \/>\n<meta name=\"twitter:card\" content=\"summary_large_image\" \/>\n<meta name=\"twitter:label1\" content=\"Est. reading time\" \/>\n\t<meta name=\"twitter:data1\" content=\"3 minutes\" \/>\n<script type=\"application\/ld+json\" class=\"yoast-schema-graph\">{\"@context\":\"https:\/\/schema.org\",\"@graph\":[{\"@type\":\"WebPage\",\"@id\":\"https:\/\/www.lab3040.cat\/en\/selection-process-for-smes-and-startups\/\",\"url\":\"https:\/\/www.lab3040.cat\/en\/selection-process-for-smes-and-startups\/\",\"name\":\"Selection process for SMEs and Startups - Lab3040 :: Connecting innovation ecosystems\",\"isPartOf\":{\"@id\":\"http:\/\/www.lab3040.cat\/#website\"},\"datePublished\":\"2023-01-10T10:27:01+00:00\",\"dateModified\":\"2025-05-09T08:04:53+00:00\",\"breadcrumb\":{\"@id\":\"https:\/\/www.lab3040.cat\/en\/selection-process-for-smes-and-startups\/#breadcrumb\"},\"inLanguage\":\"en-US\",\"potentialAction\":[{\"@type\":\"ReadAction\",\"target\":[\"https:\/\/www.lab3040.cat\/en\/selection-process-for-smes-and-startups\/\"]}]},{\"@type\":\"BreadcrumbList\",\"@id\":\"https:\/\/www.lab3040.cat\/en\/selection-process-for-smes-and-startups\/#breadcrumb\",\"itemListElement\":[{\"@type\":\"ListItem\",\"position\":1,\"name\":\"Inici\",\"item\":\"https:\/\/www.lab3040.cat\/en\/\"},{\"@type\":\"ListItem\",\"position\":2,\"name\":\"Selection process for SMEs and Startups\"}]},{\"@type\":\"WebSite\",\"@id\":\"http:\/\/www.lab3040.cat\/#website\",\"url\":\"http:\/\/www.lab3040.cat\/\",\"name\":\"Lab3040 :: Connecting innovation ecosystems\",\"description\":\"\",\"publisher\":{\"@id\":\"http:\/\/www.lab3040.cat\/#organization\"},\"potentialAction\":[{\"@type\":\"SearchAction\",\"target\":{\"@type\":\"EntryPoint\",\"urlTemplate\":\"http:\/\/www.lab3040.cat\/?s={search_term_string}\"},\"query-input\":{\"@type\":\"PropertyValueSpecification\",\"valueRequired\":true,\"valueName\":\"search_term_string\"}}],\"inLanguage\":\"en-US\"},{\"@type\":\"Organization\",\"@id\":\"http:\/\/www.lab3040.cat\/#organization\",\"name\":\"Lab3040 :: Connecting innovation ecosystems\",\"url\":\"http:\/\/www.lab3040.cat\/\",\"logo\":{\"@type\":\"ImageObject\",\"inLanguage\":\"en-US\",\"@id\":\"http:\/\/www.lab3040.cat\/#\/schema\/logo\/image\/\",\"url\":\"https:\/\/www.lab3040.cat\/wp-content\/uploads\/2023\/03\/logo_lab.jpg\",\"contentUrl\":\"https:\/\/www.lab3040.cat\/wp-content\/uploads\/2023\/03\/logo_lab.jpg\",\"width\":800,\"height\":375,\"caption\":\"Lab3040 :: Connecting innovation ecosystems\"},\"image\":{\"@id\":\"http:\/\/www.lab3040.cat\/#\/schema\/logo\/image\/\"}}]}<\/script>\n<!-- \/ Yoast SEO plugin. -->","yoast_head_json":{"title":"Selection process for SMEs and Startups - Lab3040 :: Connecting innovation ecosystems","robots":{"index":"index","follow":"follow","max-snippet":"max-snippet:-1","max-image-preview":"max-image-preview:large","max-video-preview":"max-video-preview:-1"},"canonical":"https:\/\/www.lab3040.cat\/en\/selection-process-for-smes-and-startups\/","og_locale":"en_US","og_type":"article","og_title":"Selection process for SMEs and Startups - Lab3040 :: Connecting innovation ecosystems","og_description":"[vc_row remove_bottom_col_margin=&#8221;true&#8221;][vc_column][vc_column_text]Totes les propostes presentades seran revisades per l\u2019equip de suport de la Cambra de Barcelona al Lab3040. Les propostes que s\u2019adaptin als requeriments de la convocat\u00f2ria seran analitzades pels membres de cada vertical del Lab3040. Un cop finalitzat el proc\u00e9s de selecci\u00f3, totes les propostes rebran una comunicaci\u00f3 amb el feedback respecte a la&hellip;","og_url":"https:\/\/www.lab3040.cat\/en\/selection-process-for-smes-and-startups\/","og_site_name":"Lab3040 :: Connecting innovation ecosystems","article_modified_time":"2025-05-09T08:04:53+00:00","twitter_card":"summary_large_image","twitter_misc":{"Est. reading time":"3 minutes"},"schema":{"@context":"https:\/\/schema.org","@graph":[{"@type":"WebPage","@id":"https:\/\/www.lab3040.cat\/en\/selection-process-for-smes-and-startups\/","url":"https:\/\/www.lab3040.cat\/en\/selection-process-for-smes-and-startups\/","name":"Selection process for SMEs and Startups - Lab3040 :: Connecting innovation ecosystems","isPartOf":{"@id":"http:\/\/www.lab3040.cat\/#website"},"datePublished":"2023-01-10T10:27:01+00:00","dateModified":"2025-05-09T08:04:53+00:00","breadcrumb":{"@id":"https:\/\/www.lab3040.cat\/en\/selection-process-for-smes-and-startups\/#breadcrumb"},"inLanguage":"en-US","potentialAction":[{"@type":"ReadAction","target":["https:\/\/www.lab3040.cat\/en\/selection-process-for-smes-and-startups\/"]}]},{"@type":"BreadcrumbList","@id":"https:\/\/www.lab3040.cat\/en\/selection-process-for-smes-and-startups\/#breadcrumb","itemListElement":[{"@type":"ListItem","position":1,"name":"Inici","item":"https:\/\/www.lab3040.cat\/en\/"},{"@type":"ListItem","position":2,"name":"Selection process for SMEs and Startups"}]},{"@type":"WebSite","@id":"http:\/\/www.lab3040.cat\/#website","url":"http:\/\/www.lab3040.cat\/","name":"Lab3040 :: Connecting innovation ecosystems","description":"","publisher":{"@id":"http:\/\/www.lab3040.cat\/#organization"},"potentialAction":[{"@type":"SearchAction","target":{"@type":"EntryPoint","urlTemplate":"http:\/\/www.lab3040.cat\/?s={search_term_string}"},"query-input":{"@type":"PropertyValueSpecification","valueRequired":true,"valueName":"search_term_string"}}],"inLanguage":"en-US"},{"@type":"Organization","@id":"http:\/\/www.lab3040.cat\/#organization","name":"Lab3040 :: Connecting innovation ecosystems","url":"http:\/\/www.lab3040.cat\/","logo":{"@type":"ImageObject","inLanguage":"en-US","@id":"http:\/\/www.lab3040.cat\/#\/schema\/logo\/image\/","url":"https:\/\/www.lab3040.cat\/wp-content\/uploads\/2023\/03\/logo_lab.jpg","contentUrl":"https:\/\/www.lab3040.cat\/wp-content\/uploads\/2023\/03\/logo_lab.jpg","width":800,"height":375,"caption":"Lab3040 :: Connecting innovation ecosystems"},"image":{"@id":"http:\/\/www.lab3040.cat\/#\/schema\/logo\/image\/"}}]}},"_links":{"self":[{"href":"https:\/\/www.lab3040.cat\/en\/wp-json\/wp\/v2\/pages\/1569","targetHints":{"allow":["GET"]}}],"collection":[{"href":"https:\/\/www.lab3040.cat\/en\/wp-json\/wp\/v2\/pages"}],"about":[{"href":"https:\/\/www.lab3040.cat\/en\/wp-json\/wp\/v2\/types\/page"}],"author":[{"embeddable":true,"href":"https:\/\/www.lab3040.cat\/en\/wp-json\/wp\/v2\/users\/2"}],"replies":[{"embeddable":true,"href":"https:\/\/www.lab3040.cat\/en\/wp-json\/wp\/v2\/comments?post=1569"}],"version-history":[{"count":4,"href":"https:\/\/www.lab3040.cat\/en\/wp-json\/wp\/v2\/pages\/1569\/revisions"}],"predecessor-version":[{"id":2481,"href":"https:\/\/www.lab3040.cat\/en\/wp-json\/wp\/v2\/pages\/1569\/revisions\/2481"}],"wp:attachment":[{"href":"https:\/\/www.lab3040.cat\/en\/wp-json\/wp\/v2\/media?parent=1569"}],"curies":[{"name":"wp","href":"https:\/\/api.w.org\/{rel}","templated":true}]}}