{"id":1566,"date":"2023-01-18T13:21:19","date_gmt":"2023-01-18T11:21:19","guid":{"rendered":"https:\/\/www.lab3040.cat\/?page_id=1566"},"modified":"2025-03-10T13:30:26","modified_gmt":"2025-03-10T11:30:26","slug":"propose-a-solution","status":"publish","type":"page","link":"https:\/\/www.lab3040.cat\/en\/propose-a-solution\/","title":{"rendered":"Propose a solution"},"content":{"rendered":"[vc_row full_width=&#8221;stretch_row&#8221; parallax_style=&#8221;vcpb-default&#8221; bg_type=&#8221;image&#8221; bg_image_new=&#8221;id^39|url^https:\/\/www.lab3040.cat\/wp-content\/uploads\/2022\/11\/background_LAB3040_e.jpg|caption^null|alt^null|title^background_LAB3040_e|description^null&#8221; bg_image_repeat=&#8221;no-repeat&#8221; bg_img_attach=&#8221;fixed&#8221;][vc_column][vc_empty_space height=&#8221;50px&#8221;][vc_column_text]\n<h1 class=\"custom-header-page\">Propose a solution<\/h1>\n[\/vc_column_text][vc_empty_space height=&#8221;50px&#8221;][vc_column_text]\n<div class=\"wpcf7 no-js\" id=\"wpcf7-f2347-o1\" lang=\"ca\" dir=\"ltr\" data-wpcf7-id=\"2347\">\n<div class=\"screen-reader-response\"><p role=\"status\" aria-live=\"polite\" aria-atomic=\"true\"><\/p> <ul><\/ul><\/div>\n<form action=\"\/en\/wp-json\/wp\/v2\/pages\/1566#wpcf7-f2347-o1\" method=\"post\" class=\"wpcf7-form init\" aria-label=\"Formulari de contacte\" novalidate=\"novalidate\" data-status=\"init\">\n<fieldset class=\"hidden-fields-container\"><input type=\"hidden\" name=\"_wpcf7\" value=\"2347\" \/><input type=\"hidden\" name=\"_wpcf7_version\" value=\"6.1.5\" \/><input type=\"hidden\" name=\"_wpcf7_locale\" value=\"ca\" \/><input type=\"hidden\" name=\"_wpcf7_unit_tag\" value=\"wpcf7-f2347-o1\" \/><input type=\"hidden\" name=\"_wpcf7_container_post\" value=\"0\" \/><input type=\"hidden\" name=\"_wpcf7_posted_data_hash\" value=\"\" \/>\n<\/fieldset>\n<div id=\"responsive-form\" class=\"clearfix\">\n\t<div class=\"form-row\">\n\t\t<div class=\"column-half\">\n\t\t\t<p><span class=\"wpcf7-form-control-wrap\" data-name=\"nom\"><input size=\"40\" maxlength=\"400\" class=\"wpcf7-form-control wpcf7-text wpcf7-validates-as-required\" aria-required=\"true\" aria-invalid=\"false\" placeholder=\"Name*\" value=\"\" type=\"text\" name=\"nom\" \/><\/span>\n\t\t\t<\/p>\n\t\t<\/div>\n\t\t<div class=\"column-half\">\n\t\t\t<p><span class=\"wpcf7-form-control-wrap\" data-name=\"cognom\"><input size=\"40\" maxlength=\"400\" class=\"wpcf7-form-control wpcf7-text wpcf7-validates-as-required\" aria-required=\"true\" aria-invalid=\"false\" placeholder=\"Surnames*\" value=\"\" type=\"text\" name=\"cognom\" \/><\/span>\n\t\t\t<\/p>\n\t\t<\/div>\n\t<\/div>\n\t<div class=\"form-row\">\n\t\t<div class=\"column-half\">\n\t\t\t<p><span class=\"wpcf7-form-control-wrap\" data-name=\"email\"><input size=\"40\" maxlength=\"400\" class=\"wpcf7-form-control wpcf7-email wpcf7-validates-as-required wpcf7-text wpcf7-validates-as-email\" aria-required=\"true\" aria-invalid=\"false\" placeholder=\"Email*\" value=\"\" type=\"email\" name=\"email\" \/><\/span>\n\t\t\t<\/p>\n\t\t<\/div>\n\t\t<div class=\"column-half\">\n\t\t\t<p><span class=\"wpcf7-form-control-wrap\" data-name=\"telefon\"><input size=\"40\" maxlength=\"400\" class=\"wpcf7-form-control wpcf7-tel wpcf7-validates-as-required wpcf7-text wpcf7-validates-as-tel\" aria-required=\"true\" aria-invalid=\"false\" placeholder=\"Telephone*\" value=\"\" type=\"tel\" name=\"telefon\" \/><\/span>\n\t\t\t<\/p>\n\t\t<\/div>\n\t<\/div>\n\t<div class=\"form-row\">\n\t\t<div class=\"column-half\">\n\t\t\t<p><span class=\"wpcf7-form-control-wrap\" data-name=\"companyia\"><input size=\"40\" maxlength=\"400\" class=\"wpcf7-form-control wpcf7-text\" aria-invalid=\"false\" placeholder=\"Organisation\" value=\"\" type=\"text\" name=\"companyia\" \/><\/span>\n\t\t\t<\/p>\n\t\t<\/div>\n\t\t<div class=\"column-half\">\n\t\t\t<p><span class=\"wpcf7-form-control-wrap\" data-name=\"treball\"><input size=\"40\" maxlength=\"400\" class=\"wpcf7-form-control wpcf7-text\" aria-invalid=\"false\" placeholder=\"Job position\" value=\"\" type=\"text\" name=\"treball\" \/><\/span>\n\t\t\t<\/p>\n\t\t<\/div>\n\t<\/div>\n\t<div class=\"form-row\">\n\t\t<div class=\"column-full\">\n\t\t\t<p><span class=\"wpcf7-form-control-wrap\" data-name=\"repte\"><select class=\"wpcf7-form-control wpcf7-select wpcf7-validates-as-required\" aria-required=\"true\" aria-invalid=\"false\" name=\"repte\"><option value=\"\">- Trieu una opcio -<\/option><option value=\"Improving the quality of life in cities (Lievable Cities)\">Improving the quality of life in cities (Lievable Cities)<\/option><option value=\"Making the customer experience more sustainable\">Making the customer experience more sustainable<\/option><option value=\"Exponential technologies adoption\">Exponential technologies adoption<\/option><option value=\"Reducing the digitalization gap between user users and adapting internal capacities\">Reducing the digitalization gap between user users and adapting internal capacities<\/option><option value=\"Enhancing recycling and waste revaluation\">Enhancing recycling and waste revaluation<\/option><option value=\"Promoting the use of clean energy\">Promoting the use of clean energy<\/option><option value=\"Efficiency in the use of consumed resources\">Efficiency in the use of consumed resources<\/option><option value=\"Optimize data management \/ Data Driven Company\">Optimize data management \/ Data Driven Company<\/option><\/select><\/span>\n\t\t\t<\/p>\n\t\t<\/div>\n\t<\/div>\n\t<div class=\"form-row\">\n\t\t<div class=\"column-full\">\n\t\t\t<p><span class=\"wpcf7-form-control-wrap\" data-name=\"proposta\"><textarea cols=\"40\" rows=\"3\" maxlength=\"2000\" class=\"wpcf7-form-control wpcf7-textarea\" aria-invalid=\"false\" placeholder=\"Propose a solution\" name=\"proposta\"><\/textarea><\/span>\n\t\t\t<\/p>\n\t\t<\/div>\n\t<\/div>\n\t<div class=\"form-row\">\n\t\t<div class=\"column-full\">\n\t\t\t<p><span class=\"wpcf7-form-control-wrap\" data-name=\"accepto\"><span class=\"wpcf7-form-control wpcf7-acceptance optional\"><span class=\"wpcf7-list-item\"><input type=\"checkbox\" name=\"accepto\" value=\"1\" aria-invalid=\"false\" \/><\/span><\/span><\/span><span style=\"font-size:16px;margin-left:0px;\">I accept to receive communications from Cambra de Comer\u00e7 de Barcelona (Optional).<\/span>\n\t\t\t<\/p>\n\t\t<\/div>\n\t<\/div>\n\t<div class=\"form-row\">\n\t\t<div class=\"column-full\">\n\t\t\t<p style=\"font-size:12px;\">Informaci\u00f3 b\u00e0sica sobre el tractament de dades (Reglament (UE) 2016\/679) Responsable del tractament: Cambra Oficial de Comer\u00e7, Ind\u00fastria, Serveis i Navegaci\u00f3 de Barcelona. Finalitats: Respondre a les consultes i dubtes plantejats \/ Rebre comunicacions de la Cambra. Legitimaci\u00f3: Inter\u00e8s leg\u00edtim d\u2019atenci\u00f3 als usuaris \/ Consentiment. Destinataris: Les dades no es cediran a tercers, llevat que ho exigeixi una llei o sigui necessari per la resoluci\u00f3 de la consulta. Drets: Accedir, rectificar i suprimir dades, aix\u00ed com la resta que s'exposen a les Pol\u00edtiques de Transpar\u00e8ncia de la Cambra . M\u00e9s informaci\u00f3 a <a href=\"https:\/\/www.cambrabcn.org\/avis-legal-politica-de-privacitat\" target=\"blank_\">Av\u00eds legal<\/a> i <a href=\"https:\/\/www.cambrabcn.org\/ca_ES\/politica-de-privacitat\" target=\"blank_\">pol\u00edtica de privacitat<\/a>\n\t\t\t<\/p>\n\t\t<\/div>\n\t\t<div class=\"form-row\">\n\t\t\t<div class=\"column-full\">\n\t\t\t\t<p><input class=\"wpcf7-form-control wpcf7-submit has-spinner\" type=\"submit\" value=\"send\" \/>\n\t\t\t\t<\/p>\n\t\t\t<\/div>\n\t\t<\/div>\n\t<\/div>\n<\/div><div class=\"wpcf7-response-output\" aria-hidden=\"true\"><\/div>\n<\/form>\n<\/div>\n[\/vc_column_text][\/vc_column][\/vc_row]\n","protected":false},"excerpt":{"rendered":"<p>[vc_row full_width=&#8221;stretch_row&#8221; parallax_style=&#8221;vcpb-default&#8221; bg_type=&#8221;image&#8221; bg_image_new=&#8221;id^39|url^https:\/\/www.lab3040.cat\/wp-content\/uploads\/2022\/11\/background_LAB3040_e.jpg|caption^null|alt^null|title^background_LAB3040_e|description^null&#8221; bg_image_repeat=&#8221;no-repeat&#8221; bg_img_attach=&#8221;fixed&#8221;][vc_column][vc_empty_space height=&#8221;50px&#8221;][vc_column_text] Propose a solution [\/vc_column_text][vc_empty_space height=&#8221;50px&#8221;][vc_column_text][\/vc_column_text][\/vc_column][\/vc_row]<\/p>\n","protected":false},"author":2,"featured_media":0,"parent":0,"menu_order":0,"comment_status":"closed","ping_status":"closed","template":"","meta":{"_acf_changed":false,"footnotes":""},"class_list":["post-1566","page","type-page","status-publish","hentry","entry","no-media"],"acf":[],"yoast_head":"<!-- This site is optimized with the Yoast SEO plugin v27.1.1 - https:\/\/yoast.com\/product\/yoast-seo-wordpress\/ -->\n<title>Propose a solution - Lab3040 :: Connecting innovation ecosystems<\/title>\n<meta name=\"robots\" content=\"index, follow, max-snippet:-1, max-image-preview:large, max-video-preview:-1\" \/>\n<link rel=\"canonical\" href=\"https:\/\/www.lab3040.cat\/en\/propose-a-solution\/\" \/>\n<meta property=\"og:locale\" content=\"en_US\" \/>\n<meta property=\"og:type\" content=\"article\" \/>\n<meta property=\"og:title\" content=\"Propose a solution - Lab3040 :: Connecting innovation ecosystems\" \/>\n<meta property=\"og:description\" content=\"[vc_row full_width=&#8221;stretch_row&#8221; parallax_style=&#8221;vcpb-default&#8221; bg_type=&#8221;image&#8221; bg_image_new=&#8221;id^39|url^https:\/\/www.lab3040.cat\/wp-content\/uploads\/2022\/11\/background_LAB3040_e.jpg|caption^null|alt^null|title^background_LAB3040_e|description^null&#8221; bg_image_repeat=&#8221;no-repeat&#8221; bg_img_attach=&#8221;fixed&#8221;][vc_column][vc_empty_space height=&#8221;50px&#8221;][vc_column_text] Propose a solution [\/vc_column_text][vc_empty_space height=&#8221;50px&#8221;][vc_column_text][\/vc_column_text][\/vc_column][\/vc_row]\" \/>\n<meta property=\"og:url\" content=\"https:\/\/www.lab3040.cat\/en\/propose-a-solution\/\" \/>\n<meta property=\"og:site_name\" content=\"Lab3040 :: Connecting innovation ecosystems\" \/>\n<meta property=\"article:modified_time\" content=\"2025-03-10T11:30:26+00:00\" \/>\n<meta name=\"twitter:card\" content=\"summary_large_image\" \/>\n<meta name=\"twitter:label1\" content=\"Est. reading time\" \/>\n\t<meta name=\"twitter:data1\" content=\"1 minute\" \/>\n<script type=\"application\/ld+json\" class=\"yoast-schema-graph\">{\"@context\":\"https:\/\/schema.org\",\"@graph\":[{\"@type\":\"WebPage\",\"@id\":\"https:\/\/www.lab3040.cat\/en\/propose-a-solution\/\",\"url\":\"https:\/\/www.lab3040.cat\/en\/propose-a-solution\/\",\"name\":\"Propose a solution - Lab3040 :: Connecting innovation ecosystems\",\"isPartOf\":{\"@id\":\"http:\/\/www.lab3040.cat\/#website\"},\"datePublished\":\"2023-01-18T11:21:19+00:00\",\"dateModified\":\"2025-03-10T11:30:26+00:00\",\"breadcrumb\":{\"@id\":\"https:\/\/www.lab3040.cat\/en\/propose-a-solution\/#breadcrumb\"},\"inLanguage\":\"en-US\",\"potentialAction\":[{\"@type\":\"ReadAction\",\"target\":[\"https:\/\/www.lab3040.cat\/en\/propose-a-solution\/\"]}]},{\"@type\":\"BreadcrumbList\",\"@id\":\"https:\/\/www.lab3040.cat\/en\/propose-a-solution\/#breadcrumb\",\"itemListElement\":[{\"@type\":\"ListItem\",\"position\":1,\"name\":\"Inici\",\"item\":\"https:\/\/www.lab3040.cat\/en\/\"},{\"@type\":\"ListItem\",\"position\":2,\"name\":\"Propose a solution\"}]},{\"@type\":\"WebSite\",\"@id\":\"http:\/\/www.lab3040.cat\/#website\",\"url\":\"http:\/\/www.lab3040.cat\/\",\"name\":\"Lab3040 :: Connecting innovation ecosystems\",\"description\":\"\",\"publisher\":{\"@id\":\"http:\/\/www.lab3040.cat\/#organization\"},\"potentialAction\":[{\"@type\":\"SearchAction\",\"target\":{\"@type\":\"EntryPoint\",\"urlTemplate\":\"http:\/\/www.lab3040.cat\/?s={search_term_string}\"},\"query-input\":{\"@type\":\"PropertyValueSpecification\",\"valueRequired\":true,\"valueName\":\"search_term_string\"}}],\"inLanguage\":\"en-US\"},{\"@type\":\"Organization\",\"@id\":\"http:\/\/www.lab3040.cat\/#organization\",\"name\":\"Lab3040 :: Connecting innovation ecosystems\",\"url\":\"http:\/\/www.lab3040.cat\/\",\"logo\":{\"@type\":\"ImageObject\",\"inLanguage\":\"en-US\",\"@id\":\"http:\/\/www.lab3040.cat\/#\/schema\/logo\/image\/\",\"url\":\"https:\/\/www.lab3040.cat\/wp-content\/uploads\/2023\/03\/logo_lab.jpg\",\"contentUrl\":\"https:\/\/www.lab3040.cat\/wp-content\/uploads\/2023\/03\/logo_lab.jpg\",\"width\":800,\"height\":375,\"caption\":\"Lab3040 :: Connecting innovation ecosystems\"},\"image\":{\"@id\":\"http:\/\/www.lab3040.cat\/#\/schema\/logo\/image\/\"}}]}<\/script>\n<!-- \/ Yoast SEO plugin. -->","yoast_head_json":{"title":"Propose a solution - Lab3040 :: Connecting innovation ecosystems","robots":{"index":"index","follow":"follow","max-snippet":"max-snippet:-1","max-image-preview":"max-image-preview:large","max-video-preview":"max-video-preview:-1"},"canonical":"https:\/\/www.lab3040.cat\/en\/propose-a-solution\/","og_locale":"en_US","og_type":"article","og_title":"Propose a solution - Lab3040 :: Connecting innovation ecosystems","og_description":"[vc_row full_width=&#8221;stretch_row&#8221; parallax_style=&#8221;vcpb-default&#8221; bg_type=&#8221;image&#8221; bg_image_new=&#8221;id^39|url^https:\/\/www.lab3040.cat\/wp-content\/uploads\/2022\/11\/background_LAB3040_e.jpg|caption^null|alt^null|title^background_LAB3040_e|description^null&#8221; bg_image_repeat=&#8221;no-repeat&#8221; bg_img_attach=&#8221;fixed&#8221;][vc_column][vc_empty_space height=&#8221;50px&#8221;][vc_column_text] Propose a solution [\/vc_column_text][vc_empty_space height=&#8221;50px&#8221;][vc_column_text][\/vc_column_text][\/vc_column][\/vc_row]","og_url":"https:\/\/www.lab3040.cat\/en\/propose-a-solution\/","og_site_name":"Lab3040 :: Connecting innovation ecosystems","article_modified_time":"2025-03-10T11:30:26+00:00","twitter_card":"summary_large_image","twitter_misc":{"Est. reading time":"1 minute"},"schema":{"@context":"https:\/\/schema.org","@graph":[{"@type":"WebPage","@id":"https:\/\/www.lab3040.cat\/en\/propose-a-solution\/","url":"https:\/\/www.lab3040.cat\/en\/propose-a-solution\/","name":"Propose a solution - Lab3040 :: Connecting innovation ecosystems","isPartOf":{"@id":"http:\/\/www.lab3040.cat\/#website"},"datePublished":"2023-01-18T11:21:19+00:00","dateModified":"2025-03-10T11:30:26+00:00","breadcrumb":{"@id":"https:\/\/www.lab3040.cat\/en\/propose-a-solution\/#breadcrumb"},"inLanguage":"en-US","potentialAction":[{"@type":"ReadAction","target":["https:\/\/www.lab3040.cat\/en\/propose-a-solution\/"]}]},{"@type":"BreadcrumbList","@id":"https:\/\/www.lab3040.cat\/en\/propose-a-solution\/#breadcrumb","itemListElement":[{"@type":"ListItem","position":1,"name":"Inici","item":"https:\/\/www.lab3040.cat\/en\/"},{"@type":"ListItem","position":2,"name":"Propose a solution"}]},{"@type":"WebSite","@id":"http:\/\/www.lab3040.cat\/#website","url":"http:\/\/www.lab3040.cat\/","name":"Lab3040 :: Connecting innovation ecosystems","description":"","publisher":{"@id":"http:\/\/www.lab3040.cat\/#organization"},"potentialAction":[{"@type":"SearchAction","target":{"@type":"EntryPoint","urlTemplate":"http:\/\/www.lab3040.cat\/?s={search_term_string}"},"query-input":{"@type":"PropertyValueSpecification","valueRequired":true,"valueName":"search_term_string"}}],"inLanguage":"en-US"},{"@type":"Organization","@id":"http:\/\/www.lab3040.cat\/#organization","name":"Lab3040 :: Connecting innovation ecosystems","url":"http:\/\/www.lab3040.cat\/","logo":{"@type":"ImageObject","inLanguage":"en-US","@id":"http:\/\/www.lab3040.cat\/#\/schema\/logo\/image\/","url":"https:\/\/www.lab3040.cat\/wp-content\/uploads\/2023\/03\/logo_lab.jpg","contentUrl":"https:\/\/www.lab3040.cat\/wp-content\/uploads\/2023\/03\/logo_lab.jpg","width":800,"height":375,"caption":"Lab3040 :: Connecting innovation ecosystems"},"image":{"@id":"http:\/\/www.lab3040.cat\/#\/schema\/logo\/image\/"}}]}},"_links":{"self":[{"href":"https:\/\/www.lab3040.cat\/en\/wp-json\/wp\/v2\/pages\/1566","targetHints":{"allow":["GET"]}}],"collection":[{"href":"https:\/\/www.lab3040.cat\/en\/wp-json\/wp\/v2\/pages"}],"about":[{"href":"https:\/\/www.lab3040.cat\/en\/wp-json\/wp\/v2\/types\/page"}],"author":[{"embeddable":true,"href":"https:\/\/www.lab3040.cat\/en\/wp-json\/wp\/v2\/users\/2"}],"replies":[{"embeddable":true,"href":"https:\/\/www.lab3040.cat\/en\/wp-json\/wp\/v2\/comments?post=1566"}],"version-history":[{"count":3,"href":"https:\/\/www.lab3040.cat\/en\/wp-json\/wp\/v2\/pages\/1566\/revisions"}],"predecessor-version":[{"id":2349,"href":"https:\/\/www.lab3040.cat\/en\/wp-json\/wp\/v2\/pages\/1566\/revisions\/2349"}],"wp:attachment":[{"href":"https:\/\/www.lab3040.cat\/en\/wp-json\/wp\/v2\/media?parent=1566"}],"curies":[{"name":"wp","href":"https:\/\/api.w.org\/{rel}","templated":true}]}}